{"id":18064,"date":"2025-07-01T12:15:38","date_gmt":"2025-07-01T12:15:38","guid":{"rendered":"https:\/\/perusini-new.ensoul.works\/home\/"},"modified":"2025-11-05T11:48:40","modified_gmt":"2025-11-05T11:48:40","slug":"home","status":"publish","type":"page","link":"https:\/\/perusini-new.ensoul.works\/de\/","title":{"rendered":"Home"},"content":{"rendered":"\n<h1 class=\"block max-w-container-heading! leading-line-height-heading tracking-heading font-heading text-center  mx-auto text-h1! md:text-heading-xl! wp-elements-026b3d89c6edda6aaf233024e74a0ff7 wp-block-ensoul-heading has-text-color has-primary-500-color\" id=\"heading-a1f7d3\">\n                Weingut Perusini        <\/h1>\n\n\n<p class=\"leading-line-height-paragraph tracking-paragraph font-paragraph max-w-container-paragraph text-center !mx-auto md:w-1\/2 mt-l md:mt-m text-paragraph-xl! wp-elements-480230bfb4afdf6182001bf13e894205 has-text-color has-primary-500-color\" id=\"paragraph-a1fea8\">Historisches Weingut in der DOC Friaul Colli Orientali.<\/p>\n\n\n<p class=\"leading-line-height-paragraph tracking-paragraph font-paragraph max-w-container-paragraph text-center !mx-auto md:w-1\/2 mt-xxs mb-3xl md:mt-xxs md:mb-0 text-paragraph-xl! wp-elements-01cf2fc1e398d276238ed3d0da380985 has-text-color has-primary-500-color\" id=\"paragraph-a20515\">Seit dem sp\u00e4ten 18. Jahrhundert produzieren wir Qualit\u00e4tsweine mit gro\u00dfer Identit\u00e4t. Wir geh\u00f6ren zu den 50 &#8222;Happy Few&#8220;, die Veronelli in die Gotha der historischen italienischen Winzer aufgenommen hat.<em> <\/em><\/p>\n\n\n\n<div class=\"ensoul-spacer ensoul-spacer-spacer-a20860 h-s md:h-2xl\" id=\"spacer-a20860\"><\/div>\n\n\n<section class=\"video-section video-home wp-block-ensoul-video\" id=\"video-a20b1a\">\n            <div            class=\"video-content block no-underline mx-auto w-fit mb-xl md:my-0 text-paragraph-base!\"\n                                >\n            <video class=\"block-video max-md:hidden\"\n                autoplay playsinline                muted                loop                            >\n                <source src=\"https:\/\/perusini-new.ensoul.works\/wp-content\/uploads\/2025\/11\/reel-vigna.mp4\" type=\"video\/mp4\" \/>\n            <\/video>\n\n            <video class=\"block-video md:hidden\"\n                autoplay playsinline                muted                loop                            >\n                <source src=\"https:\/\/perusini-new.ensoul.works\/wp-content\/uploads\/2025\/11\/reel-vigna.mp4\" type=\"video\/mp4\" \/>\n            <\/video>\n\n                                <\/div>\n    \n    <\/section>\n\n\n\n<div class=\"ensoul-spacer ensoul-spacer-spacer-a20d80 h-s md:h-6xl\" id=\"spacer-a20d80\"><\/div>\n\n\n<h1 class=\"block max-w-container-heading! leading-line-height-heading tracking-heading font-heading text-center md:w-1\/2 !mx-auto mb-m md:mb-0 text-heading-xs! md:text-heading-sm! wp-elements-b6997c56e9212927b146717fb3c635b6 wp-block-ensoul-heading has-text-color has-primary-500-color\" id=\"heading-a20fa5\">\n                Wir glauben an Familie, Tradition und Leidenschaft.<br>Unser Engagement gilt dem Wein, der sein Land erz\u00e4hlt, mit Identit\u00e4t und Charakter.        <\/h1>\n\n\n\n<div class=\"ensoul-spacer ensoul-spacer-spacer-a21222 h-s md:h-6xl\" id=\"spacer-a21222\"><\/div>\n\n\n    <div class=\"image-section flex flex-col w-full  md:px-6xl mb-l md:my-0 text-paragraph-base! degustazione-page-img wp-block-ensoul-image\" id=\"image-a21543\">\n\n    <!-- Desktop Image -->\n    <figure class=\"relative !mx-auto w-full max-md:hidden m-0 p-0\">\n                                <img decoding=\"async\" \n                width=\"1600\"\n                height=\"900\"\n                src=\"https:\/\/perusini-new.ensoul.works\/wp-content\/uploads\/2025\/09\/Perusini-2024-098-2-1-1.jpg\" \n                alt=\"Image\" \n                data-title=\"Home\"\n                                loading=\"lazy\"\n                class=\"w-full object-cover \"\n                style=\"object-position: 48% 39%;\"\n            \/>\n        \n            <\/figure>\n\n<!-- Mobile Image -->\n<figure class=\"relative !mx-auto w-auto md:hidden m-0 p-0\">\n            <img decoding=\"async\"\n        class=\"object-cover aspect-[16\/9] w-full\"\n        src=\"https:\/\/perusini-new.ensoul.works\/wp-content\/uploads\/2025\/08\/bros.jpg\"\n        width=\"819\"\n        height=\"586\"\n        alt=\"Image\"\n        data-title=\"Home\"\n        style=\"object-position: 51% 93%;\"\n                loading=\"lazy\"\n    >\n    \n        <\/figure>\n\n    <\/div>\n\n\n\n\n<div class=\"ensoul-spacer ensoul-spacer-spacer-a21a84 h-0 md:h-s\" id=\"spacer-a21a84\"><\/div>\n\n\n<p class=\"leading-line-height-paragraph tracking-paragraph font-paragraph max-w-container-paragraph text-center !mx-auto md:w-1\/2 mt-m md:my-xs text-paragraph-base! md:text-paragraph-lg! wp-elements-2d721048a60330588147d01b81475359 has-text-color has-primary-500-color\" id=\"paragraph-a22078\">Carlo, Michele, Tommaso Perusini<\/p>\n\n\n<div class=\"button-container flex mt-l mb-4xl md:mt-l md:mb-6xl text-paragraph-base! wp-block-ensoul-button\" id=\"button-a22483\">\n        <a\n        href=\"https:\/\/perusini-new.ensoul.works\/de\/la-nostra-storia\/\"\n        target=\"_self\"\n        role=\"button\"\n            class=\"cursor-pointer group flex mx-auto  gap-button items-center font-button text-button! hover:text-button-hover! text-button-font-size rounded-button bg-button-background hover:bg-button-background-hover p-padding-button border-button-width border-button-color [text-decoration:var(--decoration-button)]! hover:[text-decoration:var(--decoration-button-hover)]! transition-color duration-300 ease-in-out ens-btn ens-btn-primary w-fit\"\n        data-wpml-string=\"button-label\"\n        data-wpml-string-link=\"true\"\n    >\n                    Entdecken Sie unsere Geschichte                \n                <\/a>\n    <\/div>\n\n\n<section class=\"ensoul-divider w-full w-auto md:py-6xl mt-5xl mb-xl md:my-0 text-paragraph-base! divider wp-block-ensoul-divider\" id=\"divider-a22946\">\n\t\t\t<hr class=\"my-0 h-[1px] border-none bg-current m-0\" \/>\n\t<\/section>\n\n\n<div class=\"ensoul-columns-section w-full relative default wp-block-ensoul-columns\" id=\"columns-a25405\">\n            <div class=\"ensoul-columns-block grid gap-columns md:grid-cols-3 my-6xl md:my-0 text-paragraph-base!\">\n            \n\n<div class=\"ensoul-column-wrapper text-paragraph-base! card-home wp-elements-e15337ae08ac298b45698a8bbe21bd8b wp-block-ensoul-column has-text-color has-white-color has-background has-secondary-500-background-color\" id=\"column-a23785\">\n    <div class=\"column flex flex-col h-full min-w-0 break-words justify-start\">\n                    \n\n        <a \n        class=\"image-section flex flex-col w-full  text-paragraph-base! wp-block-ensoul-image\" id=\"image-a22d8c\"        href=\"https:\/\/perusini-new.ensoul.works\/agriturismi\/\" \n        target=\"_self\" \n                aria-label=\"Image\"\n    >\n\n    <!-- Desktop Image -->\n    <figure class=\"relative !mx-auto original max-md:hidden m-0 p-0\">\n                                <img decoding=\"async\" \n                width=\"1024\"\n                height=\"683\"\n                src=\"https:\/\/perusini-new.ensoul.works\/wp-content\/uploads\/2025\/07\/5aecf61d409388fb7f648a4767a737263f9c52b1.jpg\" \n                alt=\"Image\" \n                data-title=\"Home\"\n                                loading=\"lazy\"\n                class=\"w-full object-cover \"\n                style=\"object-position: 50% 50%;\"\n            \/>\n        \n            <\/figure>\n\n<!-- Mobile Image -->\n<figure class=\"relative !mx-auto original md:hidden m-0 p-0\">\n            <img decoding=\"async\"\n        class=\"object-cover  w-full\"\n        src=\"https:\/\/perusini-new.ensoul.works\/wp-content\/uploads\/2025\/07\/5aecf61d409388fb7f648a4767a737263f9c52b1.jpg\"\n        width=\"1024\"\n        height=\"683\"\n        alt=\"Image\"\n        data-title=\"Home\"\n        style=\"object-position: 50% 50%;\"\n                loading=\"lazy\"\n    >\n    \n        <\/figure>\n\n    <\/a>\n\n\n\n\n<div class=\"ensoul-spacer ensoul-spacer-spacer-a22f9f h-s md:h-xs\" id=\"spacer-a22f9f\"><\/div>\n\n\n<p class=\"leading-line-height-paragraph tracking-paragraph font-paragraph max-w-container-paragraph text-center !mx-auto my-s md:mt-xl text-paragraph-base! md:text-paragraph-lg!\" id=\"paragraph-a233c2\">Urlaub auf den H\u00fcgeln des Friaul<\/p>\n\n\n<h2 class=\"block max-w-container-heading! leading-line-height-heading tracking-heading font-heading text-center  !mx-auto mb-m md:my-m text-heading-xs! md:text-heading-sm! wp-block-ensoul-heading\" id=\"heading-a23572\">\n                <a href=\"https:\/\/perusini-new.ensoul.works\/agriturismi\/?lang=de\" data-type=\"page\" data-id=\"306\">Die agriturismi<\/a>        <\/h2>\n            <\/div>\n<\/div>\n\n\n<div class=\"ensoul-column-wrapper text-paragraph-base! card-home wp-elements-bc0dffadabc4c3639ca455e9e4f40f3b wp-block-ensoul-column has-text-color has-white-color has-background has-primary-500-background-color\" id=\"column-a244ab\">\n    <div class=\"column flex flex-col h-full min-w-0 break-words justify-start\">\n                    \n\n        <a \n        class=\"image-section flex flex-col w-full  text-paragraph-base! wp-block-ensoul-image\" id=\"image-a23bf0\"        href=\"https:\/\/perusini-new.ensoul.works\/i-nostri-vini\/\" \n        target=\"_self\" \n                aria-label=\"Image\"\n    >\n\n    <!-- Desktop Image -->\n    <figure class=\"relative !mx-auto original max-md:hidden m-0 p-0\">\n                                <img decoding=\"async\" \n                width=\"2048\"\n                height=\"1365\"\n                src=\"https:\/\/perusini-new.ensoul.works\/wp-content\/uploads\/2025\/07\/b1717d6c43fc833d65012130c78b567a84cee334.jpg\" \n                alt=\"Image\" \n                data-title=\"Home\"\n                                loading=\"lazy\"\n                class=\"w-full object-cover \"\n                style=\"object-position: 50% 50%;\"\n            \/>\n        \n            <\/figure>\n\n<!-- Mobile Image -->\n<figure class=\"relative !mx-auto original md:hidden m-0 p-0\">\n            <img decoding=\"async\"\n        class=\"object-cover  w-full\"\n        src=\"https:\/\/perusini-new.ensoul.works\/wp-content\/uploads\/2025\/07\/b1717d6c43fc833d65012130c78b567a84cee334.jpg\"\n        width=\"2048\"\n        height=\"1365\"\n        alt=\"Image\"\n        data-title=\"Home\"\n        style=\"object-position: 50% 50%;\"\n                loading=\"lazy\"\n    >\n    \n        <\/figure>\n\n    <\/a>\n\n\n\n\n<div class=\"ensoul-spacer ensoul-spacer-spacer-a23db5 h-s md:h-xs\" id=\"spacer-a23db5\"><\/div>\n\n\n<p class=\"leading-line-height-paragraph tracking-paragraph font-paragraph max-w-container-paragraph text-center !mx-auto my-s md:mt-xl text-paragraph-base! md:text-paragraph-lg!\" id=\"paragraph-a24193\">Wei\u00dfe, rote, Reserve- und Schaumweine<\/p>\n\n\n<h2 class=\"block max-w-container-heading! leading-line-height-heading tracking-heading font-heading text-center  !mx-auto mb-m md:my-m text-heading-xs! md:text-heading-sm! wp-block-ensoul-heading\" id=\"heading-a2436a\">\n                <a href=\"https:\/\/perusini-new.ensoul.works\/i-nostri-vini\/\" data-type=\"page\" data-id=\"436\">Unsere Weine<\/a>        <\/h2>\n            <\/div>\n<\/div>\n\n\n<div class=\"ensoul-column-wrapper text-paragraph-base! card-home wp-elements-7e978c57751671b2e5e8934cd5888131 wp-block-ensoul-column has-text-color has-white-color has-background has-tertiary-500-background-color\" id=\"column-a2522c\">\n    <div class=\"column flex flex-col h-full min-w-0 break-words justify-start\">\n                    \n\n        <a \n        class=\"image-section flex flex-col w-full  text-paragraph-base! wp-block-ensoul-image\" id=\"image-a248b6\"        href=\"https:\/\/perusini-new.ensoul.works\/visite-e-degustazioni\/\" \n        target=\"_self\" \n                aria-label=\"Image\"\n    >\n\n    <!-- Desktop Image -->\n    <figure class=\"relative !mx-auto original max-md:hidden m-0 p-0\">\n                                <img decoding=\"async\" \n                width=\"1800\"\n                height=\"1200\"\n                src=\"https:\/\/perusini-new.ensoul.works\/wp-content\/uploads\/2025\/07\/ba59376ab1d170e6e6a6720cb04a7dbd51be013e.jpg\" \n                alt=\"Image\" \n                data-title=\"Home\"\n                                loading=\"lazy\"\n                class=\"w-full object-cover \"\n                style=\"object-position: 50% 50%;\"\n            \/>\n        \n            <\/figure>\n\n<!-- Mobile Image -->\n<figure class=\"relative !mx-auto original md:hidden m-0 p-0\">\n            <img decoding=\"async\"\n        class=\"object-cover  w-full\"\n        src=\"https:\/\/perusini-new.ensoul.works\/wp-content\/uploads\/2025\/07\/ba59376ab1d170e6e6a6720cb04a7dbd51be013e.jpg\"\n        width=\"1800\"\n        height=\"1200\"\n        alt=\"Image\"\n        data-title=\"Home\"\n        style=\"object-position: 50% 50%;\"\n                loading=\"lazy\"\n    >\n    \n        <\/figure>\n\n    <\/a>\n\n\n\n\n<div class=\"ensoul-spacer ensoul-spacer-spacer-a24aeb h-s md:h-xs\" id=\"spacer-a24aeb\"><\/div>\n\n\n<p class=\"leading-line-height-paragraph tracking-paragraph font-paragraph max-w-container-paragraph text-center !mx-auto my-s md:mt-xl text-paragraph-base! md:text-paragraph-lg!\" id=\"paragraph-a24ee1\">Entdecken Sie die Perusini-Verkostungen<\/p>\n\n\n<h2 class=\"block max-w-container-heading! leading-line-height-heading tracking-heading font-heading text-center  !mx-auto mb-m md:my-m text-heading-xs! md:text-heading-sm! wp-block-ensoul-heading\" id=\"heading-a250c5\">\n                <a href=\"https:\/\/perusini-new.ensoul.works\/visite-e-degustazioni\/\" data-type=\"page\" data-id=\"376\">Die Verkostungen<\/a>        <\/h2>\n            <\/div>\n<\/div>\n        <\/div>\n    <\/div>\n\n\n<section class=\"ensoul-divider w-full w-auto md:pt-6xl text-paragraph-base! divider wp-block-ensoul-divider\" id=\"divider-a255ed\">\n\t\t\t<hr class=\"my-0 h-[1px] border-none bg-current m-0\" \/>\n\t<\/section>\n\n\n<h2 class=\"block max-w-container-heading! leading-line-height-heading tracking-heading font-heading text-center  !mx-auto mt-5xl mb-l md:mt-7xl md:mb-xxs text-heading-base! md:text-h2! wp-elements-995e520f1ec31078b0c7a02a0edd663f wp-block-ensoul-heading has-text-color has-primary-500-color\" id=\"heading-a2584f\">\n                Weinberge und Philosophie        <\/h2>\n\n\n<section class=\"video-section video-home wp-block-ensoul-video\" id=\"video-a25c20\">\n            <div            class=\"video-content block no-underline mx-auto w-fit my-l md:mt-4xl text-paragraph-base!\"\n                                >\n            <video class=\"block-video max-md:hidden\"\n                autoplay playsinline                muted                loop                            >\n                <source src=\"https:\/\/perusini-new.ensoul.works\/wp-content\/uploads\/2025\/09\/reel-vigneti.mp4\" type=\"video\/mp4\" \/>\n            <\/video>\n\n            <video class=\"block-video md:hidden\"\n                autoplay playsinline                muted                loop                            >\n                <source src=\"https:\/\/perusini-new.ensoul.works\/wp-content\/uploads\/2025\/09\/reel-vigneti.mp4\" type=\"video\/mp4\" \/>\n            <\/video>\n\n                                <\/div>\n    \n    <\/section>\n\n\n<p class=\"leading-line-height-paragraph tracking-paragraph font-paragraph max-w-container-paragraph text-center !mx-auto w-auto mt-l md:mt-2xl md:mb-s text-paragraph-xl! md:text-paragraph-3xl! wp-elements-694448a439a98a731efd2a11433c7a43 has-text-color has-primary-500-color\" id=\"paragraph-a26127\">Die Leidenschaft, die uns antreibt, verbindet Tradition und Natur mit Forschung<br \/>\n<\/p>\n\n\n<p class=\"leading-line-height-paragraph tracking-paragraph font-paragraph max-w-container-paragraph text-center !mx-auto md:w-1\/2 md:pt-xs mt-s mb-xl md:mt-0 md:mb-0 text-paragraph-lg! md:text-paragraph-xl! heading-home wp-elements-e4ce4e0e3636ecf5bc6a35d08b9fa88a has-text-color has-primary-500-color\" id=\"paragraph-a266e7\">In den Colli Orientali del Friuli kultivieren wir mit Sorgfalt und Hingabe, um Weine zum Leben zu erwecken, die das Wesen des Gebiets zum Ausdruck bringen.<\/p>\n\n\n<div class=\"button-container flex md:pt-xl md:pb-s mb-4xl md:mb-8xl text-paragraph-base! wp-block-ensoul-button\" id=\"button-a26a6b\">\n        <a\n        href=\"https:\/\/perusini-new.ensoul.works\/de\/vigneti-e-filosofia\/\"\n        target=\"_self\"\n        role=\"button\"\n            class=\"cursor-pointer group flex mx-auto  gap-button items-center font-button text-button! hover:text-button-hover! text-button-font-size rounded-button bg-button-background hover:bg-button-background-hover p-padding-button border-button-width border-button-color [text-decoration:var(--decoration-button)]! hover:[text-decoration:var(--decoration-button-hover)]! transition-color duration-300 ease-in-out ens-btn ens-btn-primary w-fit\"\n        data-wpml-string=\"button-label\"\n        data-wpml-string-link=\"true\"\n    >\n                    Entdecken Sie unsere Philosophie                \n                <\/a>\n    <\/div>","protected":false},"excerpt":{"rendered":"","protected":false},"author":5,"featured_media":0,"parent":0,"menu_order":0,"comment_status":"closed","ping_status":"open","template":"","meta":{"_acf_changed":false,"tipologia":"","footnotes":""},"class_list":["post-18064","page","type-page","status-publish","hentry"],"acf":[],"mb":[],"mfb_rest_fields":["title"],"_links":{"self":[{"href":"https:\/\/perusini-new.ensoul.works\/de\/wp-json\/wp\/v2\/pages\/18064","targetHints":{"allow":["GET"]}}],"collection":[{"href":"https:\/\/perusini-new.ensoul.works\/de\/wp-json\/wp\/v2\/pages"}],"about":[{"href":"https:\/\/perusini-new.ensoul.works\/de\/wp-json\/wp\/v2\/types\/page"}],"author":[{"embeddable":true,"href":"https:\/\/perusini-new.ensoul.works\/de\/wp-json\/wp\/v2\/users\/5"}],"replies":[{"embeddable":true,"href":"https:\/\/perusini-new.ensoul.works\/de\/wp-json\/wp\/v2\/comments?post=18064"}],"version-history":[{"count":7,"href":"https:\/\/perusini-new.ensoul.works\/de\/wp-json\/wp\/v2\/pages\/18064\/revisions"}],"predecessor-version":[{"id":18569,"href":"https:\/\/perusini-new.ensoul.works\/de\/wp-json\/wp\/v2\/pages\/18064\/revisions\/18569"}],"wp:attachment":[{"href":"https:\/\/perusini-new.ensoul.works\/de\/wp-json\/wp\/v2\/media?parent=18064"}],"curies":[{"name":"wp","href":"https:\/\/api.w.org\/{rel}","templated":true}]}}