{"id":18146,"date":"2025-07-24T13:33:25","date_gmt":"2025-07-24T13:33:25","guid":{"rendered":"https:\/\/perusini-new.ensoul.works\/leon-tarasewicz\/"},"modified":"2025-10-20T14:32:00","modified_gmt":"2025-10-20T14:32:00","slug":"leon-tarasewicz","status":"publish","type":"page","link":"https:\/\/perusini-new.ensoul.works\/de\/leon-tarasewicz\/","title":{"rendered":"Leon Tarasewicz"},"content":{"rendered":"\n<h2 class=\"block max-w-container-heading! leading-line-height-heading tracking-heading font-heading text-center  !mx-auto mb-l md:mb-2xl text-heading-base! md:text-heading-xl! wp-elements-c91066f968a3822bbd5933fe7583b8b1 wp-block-ensoul-heading has-text-color has-primary-500-color\" id=\"heading-c2f33d\">\n                Leon Tarasewicz        <\/h2>\n<p class=\"leading-line-height-paragraph tracking-paragraph font-paragraph max-w-container-paragraph text-center !mx-auto my-l md:my-2xl text-paragraph-base! md:text-paragraph-3xl! p-sost wp-elements-22148851b36d142c8e965b457736faca has-text-color has-primary-500-color\" id=\"paragraph-c2f888\">Ein Wandgem\u00e4lde steht notwendigerweise in Beziehung zu dem Raum, in den es eingef\u00fcgt wird. Manchmal wird dieses Verh\u00e4ltnis innerhalb konventioneller Grenzen eines Rahmens oder einer Bord\u00fcre gehalten; in anderen F\u00e4llen wird es bis zur extremen Durchdringung mit der Architektur vorangetrieben. <br \/>\nSo verh\u00e4lt es sich bei dem Malereiprojekt, das 2004\u20132005 von Leon Tarasewicz in der Azienda Agricola Perusini in Gramogliano innerhalb des von Augusto Romano Burelli entworfenen Turms ausgef\u00fchrt wurde.<\/p>\n    <div class=\"image-section flex flex-col w-full  md:pb-s md:my-4xl text-paragraph-base! degustazione-page-img wp-block-ensoul-image\" id=\"image-c2fbea\">\n\n    <!-- Desktop Image -->\n    <figure class=\"relative !mx-auto original max-md:hidden m-0 p-0\">\n                                <img decoding=\"async\" \n                width=\"760\"\n                height=\"400\"\n                src=\"https:\/\/perusini-new.ensoul.works\/wp-content\/uploads\/2025\/07\/leon5-3.jpg\" \n                alt=\"Image\" \n                data-title=\"Leon Tarasewicz\"\n                                loading=\"lazy\"\n                class=\"w-full object-cover \"\n                style=\"object-position: 50% 50%;\"\n            \/>\n        \n            <\/figure>\n\n<!-- Mobile Image -->\n<figure class=\"relative !mx-auto original md:hidden m-0 p-0\">\n            <img decoding=\"async\"\n        class=\"object-cover  w-full\"\n        src=\"https:\/\/perusini-new.ensoul.works\/wp-content\/uploads\/2025\/07\/leon5-3.jpg\"\n        width=\"760\"\n        height=\"400\"\n        alt=\"Image\"\n        data-title=\"Leon Tarasewicz\"\n        style=\"object-position: 50% 50%;\"\n                loading=\"lazy\"\n    >\n    \n        <\/figure>\n\n    <\/div>\n\n<p class=\"leading-line-height-paragraph tracking-paragraph font-paragraph max-w-container-paragraph text-center !mx-auto md:w-1\/2 my-l md:my-2xl text-paragraph-lg! md:text-paragraph-2xl! p-sost wp-elements-4f3bb14741c29c20689620e33c5795aa has-text-color has-primary-500-color\" id=\"paragraph-c302c8\">Tarasewicz orchestriert in diesem Geb\u00e4ude eine umfassende, organische Lesart des Raumes, die sicherlich nicht neutral ist, dabei aber in ihren konstanten Wellenl\u00e4ngenvariationen homogen bleibt.<\/p>\n<div class=\"ensoul-columns-section w-full relative default wp-block-ensoul-columns\" id=\"columns-c315b8\">\n            <div class=\"ensoul-columns-block grid gap-columns md:grid-cols-2 mt-2xl mb-4xl md:mt-4xl md:mb-7xl text-paragraph-base!\">\n            \n\n<div class=\"ensoul-column-wrapper text-paragraph-base! wp-block-ensoul-column\" id=\"column-c30e13\">\n    <div class=\"column flex flex-col h-full min-w-0 break-words justify-start\">\n                    \n\n<p class=\"leading-line-height-paragraph tracking-paragraph font-paragraph max-w-container-paragraph text-left text-paragraph-base! md:text-paragraph-lg! wp-elements-233c557fa35f814181c7cd17bce67e44 has-text-color has-primary-500-color\" id=\"paragraph-c3080e\">In der Stratigraphie des malerischen Gestus wird der Turm visuell rhythmisiert in \u00dcbereinstimmung mit den horizontalen Achsen, die au\u00dfen seine Verwurzelung in der Landschaft markieren, ohne dessen H\u00f6he zu beeintr\u00e4chtigen.<\/p>\n\n\n<p class=\"leading-line-height-paragraph tracking-paragraph font-paragraph max-w-container-paragraph text-left !mx-auto mt-s md:mt-m text-paragraph-base! md:text-paragraph-lg! p-sost wp-elements-12b142c8d5dbe867438739e9e6d442ca has-text-color has-primary-500-color\" id=\"paragraph-c30c52\">Mit seiner Ablehnung gro\u00dffl\u00e4chiger Farbfl\u00e4chen zugunsten eines Gewebes aus parallelen Farbstreifen, deren Verlauf dennoch durch Reliefwechsel in Spannung gesetzt wird \u2013 hier angedeutet durch die wohl\u00fcberlegte Unregelm\u00e4\u00dfigkeit der Pinselstriche und umgesetzt durch die Nutzung der Balkenvolumina im vorherigen Projekt an der Decke der Villa Kechler-Span\u00f2, ebenfalls in Friaul \u2013, scheint Tarasewicz die Innenvolumen der Architektur in ihrem allm\u00e4hlichen, vorsichtigen Zusammenlaufen zur Spitze des Geb\u00e4udes zu lesen.<\/p>\n            <\/div>\n<\/div>\n\n\n<div class=\"ensoul-column-wrapper mt-l md:my-0 text-paragraph-base! wp-block-ensoul-column\" id=\"column-c314a6\">\n    <div class=\"column flex flex-col h-full min-w-0 break-words justify-start\">\n                    \n\n<p class=\"leading-line-height-paragraph tracking-paragraph font-paragraph max-w-container-paragraph text-left !mx-auto text-paragraph-base! md:text-paragraph-lg! p-sost wp-elements-fedeb6b46a530940df5c000e0ef37704 has-text-color has-primary-500-color\" id=\"paragraph-c312de\">Fast als Begleitung des Treppenaufstiegs ist der Blick auf eine Kette aufeinanderfolgender Verschiebungen der Tonvariationen der einzelnen W\u00e4nde gerichtet, bestimmt, wie am Horizont der H\u00fcgel, die in den breiten Fenstern eingerahmt sind, durch die Geografie des Ortes und die Himmelsrichtungen.<br \/>\nSo wird die visuelle Dynamik zur Untersuchung einer durchquerten Schicht, sowohl durch die Augen des Besuchers als auch durch das Foucaultsche Pendel, das \u2013 im Zentrum des Turms \u2013 sehr langsam bis zum unterirdischen Weinkeller reicht, also bis in die Bauchh\u00f6hle, aus der die Schallvibration erzeugt wird, die die Malerei aufnimmt.<br \/>\nFulvio Dell\u2019Agnese<\/p>\n            <\/div>\n<\/div>\n        <\/div>\n    <\/div>","protected":false},"excerpt":{"rendered":"","protected":false},"author":5,"featured_media":0,"parent":0,"menu_order":0,"comment_status":"closed","ping_status":"closed","template":"","meta":{"_acf_changed":false,"tipologia":"","footnotes":""},"class_list":["post-18146","page","type-page","status-publish","hentry"],"acf":[],"mb":[],"mfb_rest_fields":["title"],"_links":{"self":[{"href":"https:\/\/perusini-new.ensoul.works\/de\/wp-json\/wp\/v2\/pages\/18146","targetHints":{"allow":["GET"]}}],"collection":[{"href":"https:\/\/perusini-new.ensoul.works\/de\/wp-json\/wp\/v2\/pages"}],"about":[{"href":"https:\/\/perusini-new.ensoul.works\/de\/wp-json\/wp\/v2\/types\/page"}],"author":[{"embeddable":true,"href":"https:\/\/perusini-new.ensoul.works\/de\/wp-json\/wp\/v2\/users\/5"}],"replies":[{"embeddable":true,"href":"https:\/\/perusini-new.ensoul.works\/de\/wp-json\/wp\/v2\/comments?post=18146"}],"version-history":[{"count":1,"href":"https:\/\/perusini-new.ensoul.works\/de\/wp-json\/wp\/v2\/pages\/18146\/revisions"}],"predecessor-version":[{"id":18147,"href":"https:\/\/perusini-new.ensoul.works\/de\/wp-json\/wp\/v2\/pages\/18146\/revisions\/18147"}],"wp:attachment":[{"href":"https:\/\/perusini-new.ensoul.works\/de\/wp-json\/wp\/v2\/media?parent=18146"}],"curies":[{"name":"wp","href":"https:\/\/api.w.org\/{rel}","templated":true}]}}