{"id":18159,"date":"2025-07-07T08:13:55","date_gmt":"2025-07-07T08:13:55","guid":{"rendered":"https:\/\/perusini-new.ensoul.works\/unsere-geschichte\/"},"modified":"2025-11-03T10:44:08","modified_gmt":"2025-11-03T10:44:08","slug":"unsere-geschichte","status":"publish","type":"page","link":"https:\/\/perusini-new.ensoul.works\/de\/unsere-geschichte\/","title":{"rendered":"Unsere Geschichte"},"content":{"rendered":"\n<h2 class=\"block max-w-container-heading! leading-line-height-heading tracking-heading font-heading text-center  !mx-auto md:mb-xl text-heading-base! md:text-heading-xl! wp-elements-8d76578ef3a89ca26e865c15d8df7749 wp-block-ensoul-heading has-text-color has-primary-500-color\" id=\"heading-e0d111\">\n                Unsere Geschichte        <\/h2>\n<h2 class=\"block max-w-container-heading! leading-line-height-heading tracking-heading font-heading text-center w-auto !mx-auto py-m px-s md:py-0 md:px-6xl text-heading-xs! md:text-heading-sm! heading-sost wp-elements-aca4144bcd49d6ef1239e5a73729b40e wp-block-ensoul-heading has-text-color has-primary-500-color\" id=\"heading-e0d4cf\">\n                Das Weingut Perusini geh\u00f6rt zu den \u201eHappy Few\u201c (50), die Luigi Veronelli 1986 im \u201eGotha der historischen italienischen Winzer\u201c auff\u00fchrte. Es ist daher kein Zufall, dass die \u00e4lteste mittelalterliche Darstellung der Weinlese und Weinbereitung in Friaul in einem Fresko des Hauses Perusini-Antonini in Udine zu finden ist (14.\u202fJh., heute im Museo Civico aufbewahrt).          <\/h2>\n    <div class=\"image-section flex flex-col w-full  px-m md:px-0 my-l md:my-6xl text-paragraph-base! degustazione-page-img img-storia wp-block-ensoul-image\" id=\"image-e0d944\">\n\n    <!-- Desktop Image -->\n    <figure class=\"relative !mx-auto w-full max-md:hidden m-0 p-0\">\n                                <img decoding=\"async\" \n                width=\"1600\"\n                height=\"900\"\n                src=\"https:\/\/perusini-new.ensoul.works\/wp-content\/uploads\/2025\/09\/Perusini-2024-098-2-1-1.jpg\" \n                alt=\"Image\" \n                data-title=\"Unsere Geschichte\"\n                                loading=\"lazy\"\n                class=\"w-full object-cover \"\n                style=\"object-position: 41% 100%;\"\n            \/>\n        \n            <\/figure>\n\n<!-- Mobile Image -->\n<figure class=\"relative !mx-auto original md:hidden m-0 p-0\">\n            <img decoding=\"async\"\n        class=\"object-cover  w-full\"\n        src=\"https:\/\/perusini-new.ensoul.works\/wp-content\/uploads\/2025\/07\/f9b0df6f7638c1904439ed47a01d286e19d65be1-scaled.jpg\"\n        width=\"2048\"\n        height=\"2560\"\n        alt=\"Image\"\n        data-title=\"Unsere Geschichte\"\n        style=\"object-position: 50% 50%;\"\n                loading=\"lazy\"\n    >\n    \n        <\/figure>\n\n    <\/div>\n\n<div class=\"ensoul-columns-section w-full relative default wp-elements-0c48ea8ad00468f873096f30281b8654 wp-block-ensoul-columns has-text-color has-primary-500-color\" id=\"columns-e0f1e8\">\n            <div class=\"ensoul-columns-block grid gap-columns md:grid-cols-2 py-m md:py-0 md:my-m text-paragraph-base!\">\n            \n\n<div class=\"ensoul-column-wrapper text-paragraph-base! wp-elements-d8a207cf117cc97905343f6cb8910d26 wp-block-ensoul-column has-text-color has-primary-500-color\" id=\"column-e0e771\">\n    <div class=\"column flex flex-col h-full min-w-0 break-words justify-start\">\n                    \n\n<p class=\"leading-line-height-paragraph tracking-paragraph font-paragraph max-w-container-paragraph text-left !ml-auto text-paragraph-base! md:text-paragraph-lg! p-sost\" id=\"paragraph-e0e4e1\">Im vergangenen Jahrhundert, als franz\u00f6sische Rebsorten noch in Mode waren, verdankt der friulanische Weinbau den Perusini die Auswahl und Bewahrung einiger alter einheimischer Rebsorten.<br>Giacomo Perusini ist es, der im 19.\u202fJahrhundert den Picolit wiederentdeckte, ihn selektierte und in den Colli Orientali del Friuli anpflanzte. Als leidenschaftlicher und intelligenter Winzer verband er ampelografische Forschung mit der Leitung des Weinguts, bis zu seinem fr\u00fchen Tod im Ersten Weltkrieg.<br>Seine Frau Giuseppina, Malerin, Schriftstellerin und zugleich geschickte Gesch\u00e4ftsfrau, begann mit der Wiederbelebung der friulanischen Weine auf dem nationalen und internationalen Markt.<br>  <\/p>\n            <\/div>\n<\/div>\n\n\n<div class=\"ensoul-column-wrapper text-paragraph-base! wp-block-ensoul-column\" id=\"column-e0f01d\">\n    <div class=\"column flex flex-col h-full min-w-0 break-words justify-start\">\n                    \n\n<p class=\"leading-line-height-paragraph tracking-paragraph font-paragraph max-w-container-paragraph text-left !mr-auto text-paragraph-base! md:text-paragraph-lg! p-sost\" id=\"paragraph-e0edaa\">Ihr Sohn Gaetano setzte die Forschung zur traditionellen Landwirtschaft fort und erweiterte sie: Ihm verdankt man grundlegende Studien \u00fcber landwirtschaftliche Pachtvertr\u00e4ge und die Rebsorten Friauls. Giampaolo, der andere Sohn, k\u00fcmmerte sich um die Selektion einer weiteren einheimischen friulanischen Rebsorte: der Ribolla Gialla.<br>Heute ist das Schloss Rocca Bernarda, einst Sitz des Weinguts und der Familie, testamentarisch an den Malteserorden \u00fcbergegangen, doch die Familientradition lebt im Teil des Weinguts weiter, der auf dem H\u00fcgel von Gramogliano liegt, am Ufer des Flusses Judrio, der bis 1918 die historische Grenze zwischen \u00d6sterreich und Italien bildete.  <\/p>\n            <\/div>\n<\/div>\n        <\/div>\n    <\/div>\n    <div class=\"image-section flex flex-col w-full  my-l md:my-6xl text-paragraph-base! degustazione-page-img img-storia wp-block-ensoul-image\" id=\"image-e0f5ea\">\n\n    <!-- Desktop Image -->\n    <figure class=\"relative !mx-auto w-full max-md:hidden m-0 p-0\">\n                                <img decoding=\"async\" \n                width=\"2000\"\n                height=\"2066\"\n                src=\"https:\/\/perusini-new.ensoul.works\/wp-content\/uploads\/2025\/10\/storia_2-1.jpg\" \n                alt=\"Image\" \n                data-title=\"Unsere Geschichte\"\n                                loading=\"lazy\"\n                class=\"w-full object-cover \"\n                style=\"object-position: 50% 50%;\"\n            \/>\n        \n            <\/figure>\n\n<!-- Mobile Image -->\n<figure class=\"relative !mx-auto original md:hidden m-0 p-0\">\n            <img decoding=\"async\"\n        class=\"object-cover  w-full\"\n        src=\"https:\/\/perusini-new.ensoul.works\/wp-content\/uploads\/2025\/07\/Screenshot-2025-06-05-at-11.00.28-1.png\"\n        width=\"581\"\n        height=\"602\"\n        alt=\"Image\"\n        data-title=\"Unsere Geschichte\"\n        style=\"object-position: 50% 50%;\"\n                loading=\"lazy\"\n    >\n    \n        <\/figure>\n\n    <\/div>\n\n<div class=\"ensoul-columns-section w-full relative w-auto wp-elements-06d845eeace049c8e57e402b78c8d614 wp-block-ensoul-columns has-text-color has-primary-500-color\" id=\"columns-e10af4\">\n            <div class=\"ensoul-columns-block grid gap-columns md:grid-cols-2 py-m md:py-0 mb-6xl md:mt-m md:mb-6xl text-paragraph-base!\">\n            \n\n<div class=\"ensoul-column-wrapper text-paragraph-base! wp-elements-67860443f191aac2ee9f5bf16b822e23 wp-block-ensoul-column has-text-color has-primary-500-color\" id=\"column-e0ffdc\">\n    <div class=\"column flex flex-col h-full min-w-0 break-words justify-start\">\n                    \n\n<p class=\"leading-line-height-paragraph tracking-paragraph font-paragraph max-w-container-paragraph text-left !ml-auto text-paragraph-base! md:text-paragraph-lg! p-sost\" id=\"paragraph-e0fd05\"><strong>Heute f\u00fchren Carlo, Tommaso und Michele das Weingut.<\/strong> S\u00f6hne von Teresa Perusini, Enkel von Giampaolo. So setzt sich die Familientradition auf dem H\u00fcgel von Gramogliano fort, der seit Jahrhunderten \u2013 zusammen mit den H\u00fcgeln von Rosazzo und der Rocca Bernarda \u2013 f\u00fcr seine landschaftliche Sch\u00f6nheit, den Boden, die Ausrichtung und das Mikroklima bekannt ist, die ihn zu den \u201eCru Hors Classe\u201c der Colli Orientali del Friuli machen. <\/p>\n            <\/div>\n<\/div>\n\n\n<div class=\"ensoul-column-wrapper text-paragraph-base! wp-block-ensoul-column\" id=\"column-e10940\">\n    <div class=\"column flex flex-col h-full min-w-0 break-words justify-start\">\n                    \n\n<p class=\"leading-line-height-paragraph tracking-paragraph font-paragraph max-w-container-paragraph text-left !mr-auto text-paragraph-base! md:text-paragraph-lg! p-sost\" id=\"paragraph-e106b1\">Das Weingut Perusini ist nicht nur im enologischen Bereich innovativ, sondern auch in \u00e4sthetischer Hinsicht. So entstand im Zuge der Renovierung des Firmenzentrums neben dem herrschaftlichen Haus aus dem 17.\u202fJahrhundert der ungew\u00f6hnliche Keller-Turm, entworfen vom Architekten Augusto Romano Burelli im Rahmen einer MURST-Forschung zur Entwicklung neuer Produktionstypologien im Mittelmeerraum.<br>Das Innere des Turms, durch den das Foucaultsche Pendel verl\u00e4uft, ist mit Wandmalereien von Leon Tarasewicz und der Skulptur (Pendelkugel) von Gianpietro Carlesso geschm\u00fcckt. <\/p>\n            <\/div>\n<\/div>\n        <\/div>\n    <\/div>","protected":false},"excerpt":{"rendered":"","protected":false},"author":5,"featured_media":0,"parent":0,"menu_order":0,"comment_status":"closed","ping_status":"closed","template":"","meta":{"_acf_changed":false,"tipologia":"","footnotes":""},"class_list":["post-18159","page","type-page","status-publish","hentry"],"acf":[],"mb":[],"mfb_rest_fields":["title"],"_links":{"self":[{"href":"https:\/\/perusini-new.ensoul.works\/de\/wp-json\/wp\/v2\/pages\/18159","targetHints":{"allow":["GET"]}}],"collection":[{"href":"https:\/\/perusini-new.ensoul.works\/de\/wp-json\/wp\/v2\/pages"}],"about":[{"href":"https:\/\/perusini-new.ensoul.works\/de\/wp-json\/wp\/v2\/types\/page"}],"author":[{"embeddable":true,"href":"https:\/\/perusini-new.ensoul.works\/de\/wp-json\/wp\/v2\/users\/5"}],"replies":[{"embeddable":true,"href":"https:\/\/perusini-new.ensoul.works\/de\/wp-json\/wp\/v2\/comments?post=18159"}],"version-history":[{"count":1,"href":"https:\/\/perusini-new.ensoul.works\/de\/wp-json\/wp\/v2\/pages\/18159\/revisions"}],"predecessor-version":[{"id":18160,"href":"https:\/\/perusini-new.ensoul.works\/de\/wp-json\/wp\/v2\/pages\/18159\/revisions\/18160"}],"wp:attachment":[{"href":"https:\/\/perusini-new.ensoul.works\/de\/wp-json\/wp\/v2\/media?parent=18159"}],"curies":[{"name":"wp","href":"https:\/\/api.w.org\/{rel}","templated":true}]}}