{"id":18181,"date":"2025-07-28T09:34:07","date_gmt":"2025-07-28T09:34:07","guid":{"rendered":"https:\/\/perusini-new.ensoul.works\/restaurant\/"},"modified":"2025-10-21T09:07:49","modified_gmt":"2025-10-21T09:07:49","slug":"restaurant","status":"publish","type":"page","link":"https:\/\/perusini-new.ensoul.works\/de\/restaurant\/","title":{"rendered":"Restaurant"},"content":{"rendered":"\n<h2 class=\"block max-w-container-heading! leading-line-height-heading tracking-heading font-heading text-center md:w-1\/2 !mx-auto md:mb-2xl text-heading-base! md:text-heading-xl! wp-elements-49ac7a69b048a54f2d4f1b49b4a19cf4 wp-block-ensoul-heading has-text-color has-primary-500-color\" id=\"heading-6de995\">\n                Ristorante Al Postiglione        <\/h2>\n<p class=\"leading-line-height-paragraph tracking-paragraph font-paragraph max-w-container-paragraph text-center !mx-auto mt-l mb-2xl md:mt-xl md:mb-0 text-paragraph-lg! md:text-paragraph-3xl! wp-elements-644a692bfbadbf1c1a08edabe9020cb9 has-text-color has-primary-500-color\" id=\"paragraph-6df01a\">Die Trattoria \u201eAl Postiglione\u201c befindet sich am Ende des Anwesenbereichs in einem alten, restaurierten Landhaus an der Hanglage des H\u00fcgels von Gramogliano, mit einem herrlichen Blick auf das Corno-Tal.<\/p>\n    <div class=\"image-section flex flex-col w-full  my-l md:my-4xl text-paragraph-base! degustazione-page-img wp-block-ensoul-image\" id=\"image-6df3fa\">\n\n    <!-- Desktop Image -->\n    <figure class=\"relative !mx-auto original max-md:hidden m-0 p-0\">\n                                <img decoding=\"async\" \n                width=\"2560\"\n                height=\"1920\"\n                src=\"https:\/\/perusini-new.ensoul.works\/wp-content\/uploads\/2025\/09\/Panorama_6_Tavoli-scaled.jpg\" \n                alt=\"Image\" \n                data-title=\"Restaurant\"\n                                loading=\"lazy\"\n                class=\"w-full object-cover \"\n                style=\"object-position: 50% 50%;\"\n            \/>\n        \n            <\/figure>\n\n<!-- Mobile Image -->\n<figure class=\"relative !mx-auto original md:hidden m-0 p-0\">\n            <img decoding=\"async\"\n        class=\"object-cover  w-full\"\n        src=\"https:\/\/perusini-new.ensoul.works\/wp-content\/uploads\/2025\/07\/Tavoli_5-1.jpg\"\n        width=\"1920\"\n        height=\"1440\"\n        alt=\"Image\"\n        data-title=\"Restaurant\"\n        style=\"object-position: 50% 50%;\"\n                loading=\"lazy\"\n    >\n    \n        <\/figure>\n\n    <\/div>\n\n<div class=\"certificazioni w-full md:w-1\/2 mx-auto\">\n<div class=\"flex flex-wrap \">\n<div id=\"TA_certificateOfExcellence915\" class=\"TA_certificateOfExcellence\">\n  <ul id=\"sqlVJLN\" class=\"TA_links NeupX5Dpzc\">\n    <li id=\"hbBjayjBpD\" class=\"QFF1nCYN\">\n      <a target=\"_blank\" href=\"https:\/\/www.tripadvisor.it\/\" rel=\"noopener noreferrer\">\n         \n          <img decoding=\"async\" width=\"500\" hieght=\"400\" src=\"https:\/\/www.tripadvisor.it\/img\/cdsi\/img2\/awards\/CoE2017_WidgetAsset-14348-2.png\" alt=\"TripAdvisor\" class=\"widCOEImg\" id=\"CDSWIDCOELOGO\"\/>\n        <\/a>\n    <\/li>\n  <\/ul>\n<\/div>\n<script async=\"\" src=\"https:\/\/www.jscache.com\/wejs?wtype=certificateOfExcellence&#038;uniq=915&#038;locationId=2054610&#038;lang=it&#038;year=2015&#038;display_version=2\" data-loadtrk=\"\" onload=\"this.loadtrk=true\"><\/script>\n\n<div id=\"TA_certificateOfExcellence555\" class=\"TA_certificateOfExcellence\">\n  <ul id=\"lUulGgvmK\" class=\"TA_links eyTlBD\">\n    <li id=\"oeC3strax\" class=\"LIVvSGuNoa\">\n      <a target=\"_blank\" href=\"https:\/\/www.tripadvisor.it\/Restaurant_Review-g2056924-d2054610-Reviews-Al_Postiglione-Corno_di_Rosazzo_Province_of_Udine_Friuli_Venezia_Giulia.html\" rel=\"noopener noreferrer\">\n                \n        <img decoding=\"async\" width=\"600\" hieght=\"400\" src=\"https:\/\/www.tripadvisor.it\/img\/cdsi\/img2\/awards\/CoE2017_WidgetAsset-14348-2.png\" alt=\"TripAdvisor\" class=\"widCOEImg\" id=\"CDSWIDCOELOGO\"\/>\n      <\/a>\n    <\/li>\n  <\/ul>\n<\/div>\n<script async=\"\" src=\"https:\/\/www.jscache.com\/wejs?wtype=certificateOfExcellence&#038;uniq=555&#038;locationId=2054610&#038;lang=it&#038;year=2016&#038;display_version=2\" data-loadtrk=\"\" onload=\"this.loadtrk=true\"><\/script>\n\n<div id=\"TA_certificateOfExcellence411\" class=\"TA_certificateOfExcellence\">\n  <ul id=\"A1fwY7\" class=\"TA_links v2gC5f\">\n    <li id=\"tk6THJ1\" class=\"RElCh9K8U\">\n      <a target=\"_blank\" href=\"https:\/\/www.tripadvisor.it\/Restaurant_Review-g2056924-d2054610-Reviews-Al_Postiglione-Corno_di_Rosazzo_Province_of_Udine_Friuli_Venezia_Giulia.html\" rel=\"noopener noreferrer\">\n                \n        <img decoding=\"async\" width=\"600\" hieght=\"400\" src=\"https:\/\/www.tripadvisor.it\/img\/cdsi\/img2\/awards\/CoE2017_WidgetAsset-14348-2.png\" alt=\"TripAdvisor\" class=\"widCOEImg\" id=\"CDSWIDCOELOGO\"\/>\n      <\/a>\n    <\/li>\n  <\/ul>\n<\/div>\n<script async=\"\" src=\"https:\/\/www.jscache.com\/wejs?wtype=certificateOfExcellence&#038;uniq=411&#038;locationId=2054610&#038;lang=it&#038;year=2017&#038;display_version=2\" data-loadtrk=\"\" onload=\"this.loadtrk=true\"><\/script>\n<div><img decoding=\"async\" src=\"https:\/\/perusini.com\/wp-content\/uploads\/2022\/10\/TC_04-NoPhoto.png\" style=\"width:91px\"\/><\/div>\n<\/div>\n\n<\/div>\n\n<div class=\"ensoul-columns-section w-full relative default wp-elements-9d48c4e2cdbc9daecfa87519592b64f2 wp-block-ensoul-columns has-text-color has-primary-500-color\" id=\"columns-6e1ac6\">\n            <div class=\"ensoul-columns-block grid gap-columns md:grid-cols-2 mt-4xl md:mt-4xl md:mb-7xl text-paragraph-base!\">\n            \n\n<div class=\"ensoul-column-wrapper text-paragraph-base! wp-block-ensoul-column\" id=\"column-6dfed3\">\n    <div class=\"column flex flex-col h-full min-w-0 break-words justify-start\">\n                    \n\n<p class=\"leading-line-height-paragraph tracking-paragraph font-paragraph max-w-container-paragraph text-left text-paragraph-lg!\" id=\"paragraph-6dfcd5\">Die sorgf\u00e4ltige Restaurierung hat seine Typizit\u00e4t bewahrt: die alten Holzb\u00f6den, der sch\u00f6ne friulanische Herd, die antiken Balkone. Das Restaurant wurde zudem durch eine Terrasse erg\u00e4nzt, die auf die herrliche H\u00fcgellandschaft hinausgeht. Der Typizit\u00e4t des Innenraums entspricht das schlichte und elegante \u00c4u\u00dfere: der sonnige Durchgang, der Schatten der Walnussb\u00e4ume, die sanft abfallenden H\u00fcgelterrassen, auf denen Kinder spielen k\u00f6nnen, w\u00e4hrend die Erwachsenen im Garten sitzen.  <br \/>\n Die beiden Innenr\u00e4ume k\u00f6nnen bis zu 50 Personen aufnehmen und sind damit auch die ideale Wahl f\u00fcr Gruppen.<\/p>\n            <\/div>\n<\/div>\n\n\n<div class=\"ensoul-column-wrapper text-paragraph-base! wp-block-ensoul-column\" id=\"column-6e1939\">\n    <div class=\"column flex flex-col h-full min-w-0 break-words justify-start\">\n                    \n\n<p class=\"leading-line-height-paragraph tracking-paragraph font-paragraph max-w-container-paragraph text-left mb-s md:mb-s text-paragraph-lg!\" id=\"paragraph-6e02fe\">In der sch\u00f6nen Jahreszeit kommen genauso viele Au\u00dfenpl\u00e4tze hinzu, um die herrliche Lage des Restaurants voll auszukosten. Die angebotenen Men\u00fcs passen perfekt zur Umgebung: echt, einfach, saisonal und der friulanischen Kochtradition verpflichtet.<br \/>\nServiert werden die Weine des Weinguts Perusini.<br \/>\nZu den Spezialit\u00e4ten geh\u00f6ren die meisterhaft zubereiteten gegrillten Fleischgerichte von Francisco, der Seele und Herz des Lokals, der mit seiner mitrei\u00dfenden Freundlichkeit und ansteckenden Begeisterung auch Ihren\u2026 Geist n\u00e4hren wird! <\/p>\n\n\n<p class=\"leading-line-height-paragraph tracking-paragraph font-paragraph max-w-container-paragraph text-left mt-m mb-s md:my-0 text-paragraph-lg! wp-elements-a303b5353cb732c0f318e88937fce1d7 has-text-color has-primary-500-color\" id=\"paragraph-6e0781\"><strong>F\u00dcR INFORMATIONEN UND RESERVIERUNGEN:<\/strong><\/p>\n\n\n<p class=\"leading-line-height-paragraph tracking-paragraph font-paragraph max-w-container-paragraph text-left my-s md:my-0 text-paragraph-lg! wp-elements-1fc2b04bc6316b1b163207c09737d33d has-text-color has-primary-500-color\" id=\"paragraph-6e0c9b\">339 1099777 (FRANCISCO)<\/p>\n\n\n<p class=\"leading-line-height-paragraph tracking-paragraph font-paragraph max-w-container-paragraph text-left my-s md:my-0 text-paragraph-lg! wp-elements-f9b337af9058f2f406d3749204672e62 has-text-color has-primary-500-color\" id=\"paragraph-6e11fb\">tel: +39 0432 759022. <\/p>\n\n\n<p class=\"leading-line-height-paragraph tracking-paragraph font-paragraph max-w-container-paragraph text-left text-paragraph-lg! wp-elements-d64f7c52ffb4d94f7f767b0acaf859d2 has-text-color has-primary-500-color\" id=\"paragraph-6e1736\"><strong>&#8211; Francisco und das Team des Postiglione<\/strong><\/p>\n            <\/div>\n<\/div>\n        <\/div>\n    <\/div>","protected":false},"excerpt":{"rendered":"","protected":false},"author":5,"featured_media":0,"parent":0,"menu_order":0,"comment_status":"closed","ping_status":"closed","template":"","meta":{"_acf_changed":false,"tipologia":"","footnotes":""},"class_list":["post-18181","page","type-page","status-publish","hentry"],"acf":[],"mb":[],"mfb_rest_fields":["title"],"_links":{"self":[{"href":"https:\/\/perusini-new.ensoul.works\/de\/wp-json\/wp\/v2\/pages\/18181","targetHints":{"allow":["GET"]}}],"collection":[{"href":"https:\/\/perusini-new.ensoul.works\/de\/wp-json\/wp\/v2\/pages"}],"about":[{"href":"https:\/\/perusini-new.ensoul.works\/de\/wp-json\/wp\/v2\/types\/page"}],"author":[{"embeddable":true,"href":"https:\/\/perusini-new.ensoul.works\/de\/wp-json\/wp\/v2\/users\/5"}],"replies":[{"embeddable":true,"href":"https:\/\/perusini-new.ensoul.works\/de\/wp-json\/wp\/v2\/comments?post=18181"}],"version-history":[{"count":1,"href":"https:\/\/perusini-new.ensoul.works\/de\/wp-json\/wp\/v2\/pages\/18181\/revisions"}],"predecessor-version":[{"id":18182,"href":"https:\/\/perusini-new.ensoul.works\/de\/wp-json\/wp\/v2\/pages\/18181\/revisions\/18182"}],"wp:attachment":[{"href":"https:\/\/perusini-new.ensoul.works\/de\/wp-json\/wp\/v2\/media?parent=18181"}],"curies":[{"name":"wp","href":"https:\/\/api.w.org\/{rel}","templated":true}]}}