{"id":18185,"date":"2025-09-29T13:48:44","date_gmt":"2025-09-29T13:48:44","guid":{"rendered":"https:\/\/perusini-new.ensoul.works\/weinberge-und-philosophie\/"},"modified":"2025-11-03T10:42:46","modified_gmt":"2025-11-03T10:42:46","slug":"weinberge-und-philosophie","status":"publish","type":"page","link":"https:\/\/perusini-new.ensoul.works\/de\/weinberge-und-philosophie\/","title":{"rendered":"Weinberge und Philosophie"},"content":{"rendered":"\n<h2 class=\"block max-w-container-heading! leading-line-height-heading tracking-heading font-heading text-center  !mx-auto md:mb-xl text-heading-base! md:text-heading-xl! wp-elements-e09e606cf427c1343731bc45ca5902b7 wp-block-ensoul-heading has-text-color has-primary-500-color\" id=\"heading-e08a07\">\n                Weinberge und Philosophie        <\/h2>\n<h2 class=\"block max-w-container-heading! leading-line-height-heading tracking-heading font-heading text-center w-auto !mx-auto mb-l md:mb-8xl text-heading-xs! md:text-heading-sm! heading-sost wp-elements-4e72cdd0337896680a2bd21f67cf188a wp-block-ensoul-heading has-text-color has-primary-500-color\" id=\"heading-e08ca3\">\n                <br>Das Weingut Perusini vinifiziert ausschlie\u00dflich Trauben der DOC Friuli Colli Orientali. Die Weinberge des Weinguts liegen auf H\u00fcgelterrassen, auf eoz\u00e4nischem Mergel (der friulanische Ponca), und weisen strenge Erziehungsformen (Guyot oder Doppelumkehr) sowie niedrige Ertr\u00e4ge pro Rebstock auf.         <\/h2>\n<section class=\"video-section video-home wp-block-ensoul-video\" id=\"video-e08f4d\">\n            <div            class=\"video-content block no-underline mx-auto w-fit text-paragraph-base!\"\n                                >\n            <video class=\"block-video max-md:hidden\"\n                autoplay playsinline                muted                loop                            >\n                <source src=\"https:\/\/perusini-new.ensoul.works\/wp-content\/uploads\/2025\/09\/reel-vigneti.mp4\" type=\"video\/mp4\" \/>\n            <\/video>\n\n            <video class=\"block-video md:hidden\"\n                autoplay playsinline                muted                loop                            >\n                <source src=\"https:\/\/perusini-new.ensoul.works\/wp-content\/uploads\/2025\/09\/reel-vigneti.mp4\" type=\"video\/mp4\" \/>\n            <\/video>\n\n                                <\/div>\n    \n    <\/section>\n<div class=\"ensoul-columns-section w-full relative default wp-elements-2740ec56c5540c1ef8641bcaff548ae4 wp-block-ensoul-columns has-text-color has-primary-500-color\" id=\"columns-e09dab\">\n            <div class=\"ensoul-columns-block grid gap-columns md:grid-cols-2 py-m md:py-0 my-l md:mt-8xl md:mb-4xl text-paragraph-base!\">\n            \n\n<div class=\"ensoul-column-wrapper text-paragraph-base! wp-elements-45062c4bcd41fa7bdcdfb90d2f201a94 wp-block-ensoul-column has-text-color has-primary-500-color\" id=\"column-e096ff\">\n    <div class=\"column flex flex-col h-full min-w-0 break-words justify-start\">\n                    \n\n<p class=\"leading-line-height-paragraph tracking-paragraph font-paragraph max-w-container-paragraph text-left !ml-auto text-paragraph-base! md:text-paragraph-lg! p-sost\" id=\"paragraph-e0954c\">Es bestand schon immer die feste \u00dcberzeugung, dass ein gro\u00dfer Wein im Weinberg beginnt. Auf die sorgf\u00e4ltige Arbeit im Weinberg folgt eine akribische Behandlung der Trauben, sowohl im Weinkeller als auch beim Trocknen. Die Leidenschaft, die das Weingut in der Vergangenheit gepr\u00e4gt hat, leitet heute das Familienteam bei einer F\u00fchrung, die Liebe zur Tradition und zur Natur mit Forschung verbindet.   <\/p>\n            <\/div>\n<\/div>\n\n\n<div class=\"ensoul-column-wrapper text-paragraph-base! wp-block-ensoul-column\" id=\"column-e09c85\">\n    <div class=\"column flex flex-col h-full min-w-0 break-words justify-start\">\n                    \n\n<p class=\"leading-line-height-paragraph tracking-paragraph font-paragraph max-w-container-paragraph text-left !mr-auto text-paragraph-base! md:text-paragraph-lg! p-sost\" id=\"paragraph-e09b2a\">Die Untersuchung der autochthonen Rebsorten, die das Weingut in den letzten drei Generationen gepr\u00e4gt hat, und die gro\u00dfe Sorgfalt, die wir den Weinbergen widmen, erm\u00f6glichen es uns, Weine zu erzeugen, die die einzelnen Rebsorten in unserem Gebiet bestm\u00f6glich zum Ausdruck bringen.<\/p>\n            <\/div>\n<\/div>\n        <\/div>\n    <\/div>\n<section class=\"slider-section w-auto  md:my-3xl text-paragraph-base! wp-block-ensoul-content-slider\" id=\"slider-e0ae27\">\n    <div\n        class=\"content-slider swiper  md:cursor-none \"\n        data-slides-per-view-mobile=\"1\"\n        data-slides-per-view-desktop=\"auto\"\n        data-show-navigation=\"1\"\n        data-show-navigation-mobile=\"\"\n        data-show-bullets=\"\"\n        data-show-bullets-mobile=\"\"\n        data-is-autoplay=\"\"\n        data-is-autoplay-mobile=\"\"\n        data-loops=\"\"\n        data-loops-mobile=\"\"\n        data-vertical-slider-mobile=\"\"\n    >\n        <div class=\"swiper-wrapper !h-fit\">\n            \n\n<div class=\"swiper-slide relative wp-block-ensoul-slide\" id=\"slide-e0a523\" data-slide-title=\"\">\n    <div                class=\"flex flex-col text-paragraph-base!\"\n                    >\n        \n\n    <div class=\"image-section flex flex-col w-full  text-paragraph-base! wp-block-ensoul-image\" id=\"image-e0a16c\">\n\n    <!-- Desktop Image -->\n    <figure class=\"relative !mx-auto original max-md:hidden m-0 p-0\">\n                                <img decoding=\"async\" \n                width=\"2000\"\n                height=\"1500\"\n                src=\"https:\/\/perusini-new.ensoul.works\/wp-content\/uploads\/2025\/10\/P1030967.jpg\" \n                alt=\"Image\" \n                data-title=\"Weinberge und Philosophie\"\n                                loading=\"lazy\"\n                class=\"w-full object-cover aspect-[3\/2]\"\n                style=\"object-position: 50% 50%;\"\n            \/>\n        \n            <\/figure>\n\n<!-- Mobile Image -->\n<figure class=\"relative !mx-auto original md:hidden m-0 p-0\">\n            <img decoding=\"async\"\n        class=\"object-cover aspect-[3\/2] w-full\"\n        src=\"https:\/\/perusini-new.ensoul.works\/wp-content\/uploads\/2025\/10\/P1030967.jpg\"\n        width=\"2000\"\n        height=\"1500\"\n        alt=\"Image\"\n        data-title=\"Weinberge und Philosophie\"\n        style=\"object-position: 50% 50%;\"\n                loading=\"lazy\"\n    >\n    \n        <\/figure>\n\n    <\/div>\n\n    <\/div>\n    \n    <div class=\"slide-index-display absolute top-5 right-5 text-xl font-medium text-black-primary md:hidden\"><\/div>\n<\/div>\n\n\n<div class=\"swiper-slide relative wp-block-ensoul-slide\" id=\"slide-e0a8e0\" data-slide-title=\"\">\n    <div                class=\"flex flex-col text-paragraph-base!\"\n                    >\n        \n\n    <div class=\"image-section flex flex-col w-full  text-paragraph-base! wp-block-ensoul-image\" id=\"image-e0a7b0\">\n\n    <!-- Desktop Image -->\n    <figure class=\"relative !mx-auto w-auto max-md:hidden m-0 p-0\">\n                                <img decoding=\"async\" \n                width=\"2000\"\n                height=\"2500\"\n                src=\"https:\/\/perusini-new.ensoul.works\/wp-content\/uploads\/2025\/10\/Perusini-2024-132.jpg\" \n                alt=\"Image\" \n                data-title=\"Weinberge und Philosophie\"\n                                loading=\"lazy\"\n                class=\"w-full object-cover aspect-[2\/3]\"\n                style=\"object-position: 50% 50%;\"\n            \/>\n        \n            <\/figure>\n\n<!-- Mobile Image -->\n<figure class=\"relative !mx-auto w-auto md:hidden m-0 p-0\">\n            <img decoding=\"async\"\n        class=\"object-cover aspect-[2\/3] w-full\"\n        src=\"https:\/\/perusini-new.ensoul.works\/wp-content\/uploads\/2025\/10\/Perusini-2024-132.jpg\"\n        width=\"2000\"\n        height=\"2500\"\n        alt=\"Image\"\n        data-title=\"Weinberge und Philosophie\"\n        style=\"object-position: 50% 50%;\"\n                loading=\"lazy\"\n    >\n    \n        <\/figure>\n\n    <\/div>\n\n    <\/div>\n    \n    <div class=\"slide-index-display absolute top-5 right-5 text-xl font-medium text-black-primary md:hidden\"><\/div>\n<\/div>\n\n\n<div class=\"swiper-slide relative wp-block-ensoul-slide\" id=\"slide-e0acdf\" data-slide-title=\"\">\n    <div                class=\"flex flex-col text-paragraph-base!\"\n                    >\n        \n\n    <div class=\"image-section flex flex-col w-full  text-paragraph-base! wp-block-ensoul-image\" id=\"image-e0abaf\">\n\n    <!-- Desktop Image -->\n    <figure class=\"relative !mx-auto original max-md:hidden m-0 p-0\">\n                                <img decoding=\"async\" \n                width=\"2000\"\n                height=\"2500\"\n                src=\"https:\/\/perusini-new.ensoul.works\/wp-content\/uploads\/2025\/10\/C.jpg\" \n                alt=\"Image\" \n                data-title=\"Weinberge und Philosophie\"\n                                loading=\"lazy\"\n                class=\"w-full object-cover aspect-[2\/3]\"\n                style=\"object-position: 50% 50%;\"\n            \/>\n        \n            <\/figure>\n\n<!-- Mobile Image -->\n<figure class=\"relative !mx-auto original md:hidden m-0 p-0\">\n            <img decoding=\"async\"\n        class=\"object-cover aspect-[2\/3] w-full\"\n        src=\"https:\/\/perusini-new.ensoul.works\/wp-content\/uploads\/2025\/10\/C.jpg\"\n        width=\"2000\"\n        height=\"2500\"\n        alt=\"Image\"\n        data-title=\"Weinberge und Philosophie\"\n        style=\"object-position: 50% 50%;\"\n                loading=\"lazy\"\n    >\n    \n        <\/figure>\n\n    <\/div>\n\n    <\/div>\n    \n    <div class=\"slide-index-display absolute top-5 right-5 text-xl font-medium text-black-primary md:hidden\"><\/div>\n<\/div>\n        <\/div>\n\n        <div class=\"swiper-pagination md:hidden max-md:hidden\" style=\"--swiper-theme-color:var(--color-primary-500); --swiper-pagination-bottom: 0px;\"><\/div>\n        \n                    <div class=\"navigation-arrow w-max absolute top-0 left-0 z-50 pointer-events-none max-md:hidden\">\n                <div class=\"content-slider-prev-next absolute top-1\/2 w-[var(--slider-arrow-icon-size)] h-[var(--slider-arrow-icon-size)] z-10 origin-center -translate-x-1\/2 [.flip-x_&#038;]:-scale-x-100\">\n                                            <svg width=\"36\" height=\"26\" viewBox=\"0 0 36 26\" fill=\"none\" xmlns=\"http:\/\/www.w3.org\/2000\/svg\">\n<path d=\"M35 13L23 1\" stroke=\"white\" stroke-width=\"2\" stroke-miterlimit=\"10\"\/>\n<path d=\"M0 13H35\" stroke=\"white\" stroke-width=\"2\" stroke-miterlimit=\"10\"\/>\n<path d=\"M35.7071 13.7071C36.0976 13.3166 36.0976 12.6834 35.7071 12.2929C35.3166 11.9024 34.6834 11.9024 34.2929 12.2929L35 13L35.7071 13.7071ZM35 13L34.2929 12.2929L22.2929 24.2929L23 25L23.7071 25.7071L35.7071 13.7071L35 13Z\" fill=\"white\"\/>\n<\/svg>\n                                    <\/div>\n            <\/div>\n        \n            <\/div>\n    \n    <\/section>\n<div class=\"ensoul-columns-section w-full relative default wp-elements-d29c195c99ecd16449399b4ec86cca9e wp-block-ensoul-columns has-text-color has-primary-500-color\" id=\"columns-e0bb92\">\n            <div class=\"ensoul-columns-block grid gap-columns md:grid-cols-2 py-m md:py-0 md:my-4xl text-paragraph-base!\">\n            \n\n<div class=\"ensoul-column-wrapper text-paragraph-base! wp-elements-dd05501d8f51c8718718f7d1bc53ff0f wp-block-ensoul-column has-text-color has-primary-500-color\" id=\"column-e0b503\">\n    <div class=\"column flex flex-col h-full min-w-0 break-words justify-start\">\n                    \n\n<p class=\"leading-line-height-paragraph tracking-paragraph font-paragraph max-w-container-paragraph text-left !ml-auto text-paragraph-xl! p-sost\" id=\"paragraph-e0b391\">Wir sch\u00e4tzen die Asymmetrie gegen\u00fcber dem Kanon, die Sch\u00f6nheit schafft, den klanglichen Akzent, der Orte pr\u00e4gt. Wir sch\u00e4tzen die Biodiversit\u00e4t, das, was nicht standardisiert oder standardisierbar ist. Wir glauben, dass kleine Betriebe wie unserer die Aromen des Genius Loci bewahren sollten, nicht umsonst eine Gottheit f\u00fcr die Alten. Uns scheint, dass der Reichtum der europ\u00e4ischen Kultur in der Polyphonie der Stimmen der verschiedenen Regionen liegt.   <\/p>\n            <\/div>\n<\/div>\n\n\n<div class=\"ensoul-column-wrapper text-paragraph-base! wp-block-ensoul-column\" id=\"column-e0ba5a\">\n    <div class=\"column flex flex-col h-full min-w-0 break-words justify-start\">\n                    \n\n<p class=\"leading-line-height-paragraph tracking-paragraph font-paragraph max-w-container-paragraph text-left !mr-auto text-paragraph-base! md:text-paragraph-lg! p-sost\" id=\"paragraph-e0b8f1\">In diesem Geist selektierte Giacomo Perusini zu Beginn des 20. Jahrhunderts den Picolit erneut und Giampaolo Perusini die Ribolla Gialla. In diesem Geist haben wir unseren Merlot Etichetta Nera geschaffen: In einem gemeinsamen Projekt mit der Universit\u00e4t von Udine haben wir einige alte Klone identifiziert, selektiert und wieder angepflanzt, die seit \u00fcber 100 Jahren im Betrieb vorhanden sind. Schon immer verbinden wir Leidenschaft und wissenschaftliches Studium, um exzellente Ergebnisse zu erzielen.  <\/p>\n            <\/div>\n<\/div>\n        <\/div>\n    <\/div>","protected":false},"excerpt":{"rendered":"","protected":false},"author":7,"featured_media":0,"parent":0,"menu_order":0,"comment_status":"closed","ping_status":"closed","template":"","meta":{"_acf_changed":false,"tipologia":"","footnotes":""},"class_list":["post-18185","page","type-page","status-publish","hentry"],"acf":[],"mb":[],"mfb_rest_fields":["title"],"_links":{"self":[{"href":"https:\/\/perusini-new.ensoul.works\/de\/wp-json\/wp\/v2\/pages\/18185","targetHints":{"allow":["GET"]}}],"collection":[{"href":"https:\/\/perusini-new.ensoul.works\/de\/wp-json\/wp\/v2\/pages"}],"about":[{"href":"https:\/\/perusini-new.ensoul.works\/de\/wp-json\/wp\/v2\/types\/page"}],"author":[{"embeddable":true,"href":"https:\/\/perusini-new.ensoul.works\/de\/wp-json\/wp\/v2\/users\/7"}],"replies":[{"embeddable":true,"href":"https:\/\/perusini-new.ensoul.works\/de\/wp-json\/wp\/v2\/comments?post=18185"}],"version-history":[{"count":1,"href":"https:\/\/perusini-new.ensoul.works\/de\/wp-json\/wp\/v2\/pages\/18185\/revisions"}],"predecessor-version":[{"id":18186,"href":"https:\/\/perusini-new.ensoul.works\/de\/wp-json\/wp\/v2\/pages\/18185\/revisions\/18186"}],"wp:attachment":[{"href":"https:\/\/perusini-new.ensoul.works\/de\/wp-json\/wp\/v2\/media?parent=18185"}],"curies":[{"name":"wp","href":"https:\/\/api.w.org\/{rel}","templated":true}]}}