{"id":18187,"date":"2025-07-07T08:36:18","date_gmt":"2025-07-07T08:36:18","guid":{"rendered":"https:\/\/perusini-new.ensoul.works\/besichtigungen-und-verkostungen\/"},"modified":"2025-10-21T09:18:53","modified_gmt":"2025-10-21T09:18:53","slug":"besichtigungen-und-verkostungen","status":"publish","type":"page","link":"https:\/\/perusini-new.ensoul.works\/de\/besichtigungen-und-verkostungen\/","title":{"rendered":"Besichtigungen und Verkostungen"},"content":{"rendered":"\n<h2 class=\"block max-w-container-heading! leading-line-height-heading tracking-heading font-heading text-center w-auto !mx-auto text-heading-base! md:text-heading-xl! wp-elements-7f0c6efc13b532729c21032b863657f3 wp-block-ensoul-heading has-text-color has-primary-500-color\" id=\"heading-a0fd28\">\n                Besichtigungen und Verkostungen        <\/h2>\n<h3 class=\"block max-w-container-heading! leading-line-height-heading tracking-heading font-heading text-center w-auto !mx-auto md:px-6xl my-2xl md:mt-xl md:mb-6xl text-heading-xs! md:text-heading-sm! wp-elements-d3dad4eb6c50e54baacc969ebcf17033 wp-block-ensoul-heading has-text-color has-primary-500-color\" id=\"heading-a10039\">\n                Das Weingut Perusini bietet seinen G\u00e4sten ein einzigartiges Erlebnis, das der Entdeckung der Aromen und der weinbaulichen Tradition der Region gewidmet ist. Wir organisieren Verkostungen und F\u00fchrungen durch das Weingut, eine besondere Gelegenheit, in unsere Geschichte einzutauchen und die Geheimnisse der Weinproduktion aus n\u00e4chster N\u00e4he kennenzulernen.         <\/h3>\n<section class=\"video-section video-home wp-block-ensoul-video\" id=\"video-a10319\">\n            <div            class=\"video-content block no-underline mx-auto w-fit mb-6xl md:mb-7xl text-paragraph-base!\"\n                                >\n            <video class=\"block-video max-md:hidden\"\n                autoplay playsinline                muted                loop                            >\n                <source src=\"https:\/\/perusini-new.ensoul.works\/wp-content\/uploads\/2025\/07\/POST31v.mp4\" type=\"video\/mp4\" \/>\n            <\/video>\n\n            <video class=\"block-video md:hidden\"\n                autoplay playsinline                muted                loop                            >\n                <source src=\"https:\/\/perusini-new.ensoul.works\/wp-content\/uploads\/2025\/07\/POST31v.mp4\" type=\"video\/mp4\" \/>\n            <\/video>\n\n                                <\/div>\n    \n    <\/section>\n<div class=\"ensoul-columns-section w-full relative default wp-block-ensoul-columns has-3-columns degustazione-card wp-block-ensoul-columns\" id=\"columns-a129e1\">\n            <div class=\"ensoul-columns-block grid gap-columns md:grid-cols-3 mb-s md:mb-0 text-paragraph-base!\">\n            \n\n<div class=\"ensoul-column-wrapper text-paragraph-base! wp-block-ensoul-column wp-block-ensoul-column\" id=\"column-a10b0d\">\n    <div class=\"column flex flex-col h-full min-w-0 break-words justify-start\">\n                    \n\n    <div class=\"image-section flex flex-col w-full  text-paragraph-base! wp-block-ensoul-image\" id=\"image-a10700\">\n\n    <!-- Desktop Image -->\n    <figure class=\"relative !mx-auto original max-md:hidden m-0 p-0\">\n                                <img decoding=\"async\" \n                width=\"1800\"\n                height=\"1200\"\n                src=\"https:\/\/perusini-new.ensoul.works\/wp-content\/uploads\/2025\/07\/ba59376ab1d170e6e6a6720cb04a7dbd51be013e-1.jpg\" \n                alt=\"Image\" \n                data-title=\"Besichtigungen und Verkostungen\"\n                                loading=\"lazy\"\n                class=\"w-full object-cover aspect-square\"\n                style=\"object-position: 50% 50%;\"\n            \/>\n        \n            <\/figure>\n\n<!-- Mobile Image -->\n<figure class=\"relative !mx-auto original md:hidden m-0 p-0\">\n            <img decoding=\"async\"\n        class=\"object-cover aspect-square w-full\"\n        src=\"https:\/\/perusini-new.ensoul.works\/wp-content\/uploads\/2025\/07\/ba59376ab1d170e6e6a6720cb04a7dbd51be013e-1.jpg\"\n        width=\"1800\"\n        height=\"1200\"\n        alt=\"Image\"\n        data-title=\"Besichtigungen und Verkostungen\"\n        style=\"object-position: 50% 50%;\"\n                loading=\"lazy\"\n    >\n    \n        <\/figure>\n\n    <\/div>\n\n            <\/div>\n<\/div>\n\n\n<div class=\"ensoul-column-wrapper text-paragraph-base! wp-block-ensoul-column degustazione-card-line wp-block-ensoul-column\" id=\"column-a11e0f\">\n    <div class=\"column flex flex-col h-full min-w-0 break-words justify-start\">\n                    \n\n<h2 class=\"block max-w-container-heading! leading-line-height-heading tracking-heading font-heading text-left   pb-xs md:pt-m md:pb-xs text-heading-xs! md:text-heading-base! wp-elements-e603d3498212502c95576a732693ef48 wp-block-ensoul-heading has-text-color has-primary-500-color\" id=\"heading-a10d67\">\n                Klassische Verkostung        <\/h2>\n\n\n<p class=\"leading-line-height-paragraph tracking-paragraph font-paragraph max-w-container-paragraph text-left text-paragraph-sm! md:text-paragraph-lg! wp-elements-1ef531550443659e54d9fc1db598c053 has-text-color has-primary-500-color\" id=\"paragraph-a112cc\">3 Weine der klassischen Linie, Grissini, Wasser.<\/p>\n\n\n\n<div class=\"ensoul-spacer ensoul-spacer-spacer-a11561 h-s md:h-l\" id=\"spacer-a11561\"><\/div>\n\n\n<p class=\"leading-line-height-paragraph tracking-paragraph font-paragraph max-w-container-paragraph text-left text-paragraph-base! md:text-paragraph-lg! wp-elements-d8a96bb676732ee4454f57661e20a25c has-text-color has-primary-500-color\" id=\"paragraph-a1199b\">45min<\/p>\n\n\n<section class=\"ensoul-divider w-full original md:hidden text-paragraph-base! wp-elements-dbb6f08032a918d965d50863bc86ebc8 wp-block-ensoul-divider has-text-color has-primary-500-color\" id=\"divider-a11c64\">\n\t\t\t<hr class=\"my-0 h-[1px] border-none bg-current m-0\" \/>\n\t<\/section>\n            <\/div>\n<\/div>\n\n\n<div class=\"ensoul-column-wrapper text-paragraph-base! terza-colonna wp-block-ensoul-column\" id=\"column-a128aa\">\n    <div class=\"column flex flex-col h-full min-w-0 break-words justify-start\">\n                    \n\n<p class=\"leading-line-height-paragraph tracking-paragraph font-paragraph max-w-container-paragraph text-left !ml-auto pr-s md:pt-s md:pr-s text-paragraph-base! md:text-paragraph-lg! wp-elements-15aee7c6a99a1978ec2950cf0a01e78e has-text-color has-primary-500-color\" id=\"paragraph-a123a9\"><strong>20.00 \u20ac<\/strong><\/p>\n\n\n<div class=\"button-container flex py-s px-s text-paragraph-base! wp-block-ensoul-button\" id=\"button-a126ef\">\n        <button\n        type=\"button\"\n            class=\"cursor-pointer group flex ml-auto  gap-button items-center font-button text-button! hover:text-button-hover! text-button-font-size rounded-button bg-button-background hover:bg-button-background-hover p-padding-button border-button-width border-button-color [text-decoration:var(--decoration-button)]! hover:[text-decoration:var(--decoration-button-hover)]! transition-color duration-300 ease-in-out ens-btn ens-btn-primary w-fit\"\n        data-wpml-string=\"button-label\"\n        data-wpml-string-link=\"true\"\n    >\n                    Buchen                \n                <\/button>\n    <\/div>\n            <\/div>\n<\/div>\n        <\/div>\n    <\/div>\n\n<div class=\"ensoul-spacer ensoul-spacer-spacer-a12b90 h-l\" id=\"spacer-a12b90\"><\/div>\n<div class=\"ensoul-columns-section w-full relative default wp-block-ensoul-columns has-3-columns degustazione-card wp-block-ensoul-columns\" id=\"columns-a14ec9\">\n            <div class=\"ensoul-columns-block grid gap-columns md:grid-cols-3 mb-s md:mb-0 text-paragraph-base!\">\n            \n\n<div class=\"ensoul-column-wrapper text-paragraph-base! wp-block-ensoul-column wp-block-ensoul-column\" id=\"column-a13090\">\n    <div class=\"column flex flex-col h-full min-w-0 break-words justify-start\">\n                    \n\n    <div class=\"image-section flex flex-col w-full  text-paragraph-base! wp-block-ensoul-image\" id=\"image-a12eb9\">\n\n    <!-- Desktop Image -->\n    <figure class=\"relative !mx-auto original max-md:hidden m-0 p-0\">\n                                <img decoding=\"async\" \n                width=\"1426\"\n                height=\"1766\"\n                src=\"https:\/\/perusini-new.ensoul.works\/wp-content\/uploads\/2025\/07\/e85b211ac0b0e494050cbc6babf5a3ad72937b56.png\" \n                alt=\"Image\" \n                data-title=\"Besichtigungen und Verkostungen\"\n                                loading=\"lazy\"\n                class=\"w-full object-cover aspect-square\"\n                style=\"object-position: 50% 50%;\"\n            \/>\n        \n            <\/figure>\n\n<!-- Mobile Image -->\n<figure class=\"relative !mx-auto original md:hidden m-0 p-0\">\n            <img decoding=\"async\"\n        class=\"object-cover aspect-square w-full\"\n        src=\"https:\/\/perusini-new.ensoul.works\/wp-content\/uploads\/2025\/07\/e85b211ac0b0e494050cbc6babf5a3ad72937b56.png\"\n        width=\"1426\"\n        height=\"1766\"\n        alt=\"Image\"\n        data-title=\"Besichtigungen und Verkostungen\"\n        style=\"object-position: 50% 50%;\"\n                loading=\"lazy\"\n    >\n    \n        <\/figure>\n\n    <\/div>\n\n            <\/div>\n<\/div>\n\n\n<div class=\"ensoul-column-wrapper text-paragraph-base! wp-block-ensoul-column degustazione-card-line wp-block-ensoul-column\" id=\"column-a14396\">\n    <div class=\"column flex flex-col h-full min-w-0 break-words justify-start\">\n                    \n\n<h2 class=\"block max-w-container-heading! leading-line-height-heading tracking-heading font-heading text-left   pb-xs md:pt-m md:pb-xs text-heading-xs! md:text-heading-base! wp-elements-b0463c3ff1a202201ab1449d2d88fbed wp-block-ensoul-heading has-text-color has-primary-500-color\" id=\"heading-a13367\">\n                Erweiterte Verkostung        <\/h2>\n\n\n<p class=\"leading-line-height-paragraph tracking-paragraph font-paragraph max-w-container-paragraph text-left text-paragraph-sm! md:text-paragraph-lg! wp-elements-094af2b7c6a188a2898b76112d9a42eb has-text-color has-primary-500-color\" id=\"paragraph-a138d6\">4 Weine der klassischen Linie, 1 Reservwein, Grissini, Wasser, K\u00e4se und Salami.<\/p>\n\n\n\n<div class=\"ensoul-spacer ensoul-spacer-spacer-a13b62 h-s md:h-l\" id=\"spacer-a13b62\"><\/div>\n\n\n<p class=\"leading-line-height-paragraph tracking-paragraph font-paragraph max-w-container-paragraph text-left text-paragraph-base! md:text-paragraph-lg! wp-elements-de16a1917f476085fb5a635eb8b9216a has-text-color has-primary-500-color\" id=\"paragraph-a13fb8\">1h 15min<\/p>\n\n\n<section class=\"ensoul-divider w-full original md:hidden text-paragraph-base! wp-elements-dbb6f08032a918d965d50863bc86ebc8 wp-block-ensoul-divider has-text-color has-primary-500-color\" id=\"divider-a141f5\">\n\t\t\t<hr class=\"my-0 h-[1px] border-none bg-current m-0\" \/>\n\t<\/section>\n            <\/div>\n<\/div>\n\n\n<div class=\"ensoul-column-wrapper text-paragraph-base! terza-colonna wp-block-ensoul-column\" id=\"column-a14d4a\">\n    <div class=\"column flex flex-col h-full min-w-0 break-words justify-end\">\n                    \n\n<p class=\"leading-line-height-paragraph tracking-paragraph font-paragraph max-w-container-paragraph text-left ml-auto pr-s md:pt-s md:pr-s text-paragraph-base! md:text-paragraph-lg! wp-elements-699eef49ac2c5d768af3b48b4ecc93cf has-text-color has-primary-500-color\" id=\"paragraph-a1487e\"><strong>30.00 \u20ac<\/strong><\/p>\n\n\n<div class=\"button-container flex py-s px-s md:pr-s md:pb-s md:ml-l text-paragraph-base! wp-block-ensoul-button\" id=\"button-a14b8d\">\n        <button\n        type=\"button\"\n            class=\"cursor-pointer group flex ml-auto  gap-button items-center font-button text-button! hover:text-button-hover! text-button-font-size rounded-button bg-button-background hover:bg-button-background-hover p-padding-button border-button-width border-button-color [text-decoration:var(--decoration-button)]! hover:[text-decoration:var(--decoration-button-hover)]! transition-color duration-300 ease-in-out ens-btn ens-btn-primary w-fit\"\n        data-wpml-string=\"button-label\"\n        data-wpml-string-link=\"true\"\n    >\n                    Buchen                \n                <\/button>\n    <\/div>\n            <\/div>\n<\/div>\n        <\/div>\n    <\/div>\n\n<div class=\"ensoul-spacer ensoul-spacer-spacer-a15072 h-l md:h-4xl\" id=\"spacer-a15072\"><\/div>\n<div class=\"ensoul-columns-section w-full relative default wp-block-ensoul-columns has-3-columns degustazione-card wp-block-ensoul-columns\" id=\"columns-a1753d\">\n            <div class=\"ensoul-columns-block grid gap-columns md:grid-cols-3 mb-s md:mb-0 text-paragraph-base!\">\n            \n\n<div class=\"ensoul-column-wrapper text-paragraph-base! wp-block-ensoul-column wp-block-ensoul-column\" id=\"column-a15506\">\n    <div class=\"column flex flex-col h-full min-w-0 break-words justify-start\">\n                    \n\n    <div class=\"image-section flex flex-col w-full  text-paragraph-base! wp-block-ensoul-image\" id=\"image-a15378\">\n\n    <!-- Desktop Image -->\n    <figure class=\"relative !mx-auto original max-md:hidden m-0 p-0\">\n                                <img decoding=\"async\" \n                width=\"2048\"\n                height=\"2560\"\n                src=\"https:\/\/perusini-new.ensoul.works\/wp-content\/uploads\/2025\/09\/55c-scaled.jpg\" \n                alt=\"Image\" \n                data-title=\"Besichtigungen und Verkostungen\"\n                                loading=\"lazy\"\n                class=\"w-full object-cover aspect-square\"\n                style=\"object-position: 50% 50%;\"\n            \/>\n        \n            <\/figure>\n\n<!-- Mobile Image -->\n<figure class=\"relative !mx-auto original md:hidden m-0 p-0\">\n            <img decoding=\"async\"\n        class=\"object-cover aspect-square w-full\"\n        src=\"https:\/\/perusini-new.ensoul.works\/wp-content\/uploads\/2025\/07\/e85b211ac0b0e494050cbc6babf5a3ad72937b56.png\"\n        width=\"1426\"\n        height=\"1766\"\n        alt=\"Image\"\n        data-title=\"Besichtigungen und Verkostungen\"\n        style=\"object-position: 50% 50%;\"\n                loading=\"lazy\"\n    >\n    \n        <\/figure>\n\n    <\/div>\n\n            <\/div>\n<\/div>\n\n\n<div class=\"ensoul-column-wrapper text-paragraph-base! wp-block-ensoul-column degustazione-card-line wp-block-ensoul-column\" id=\"column-a16a44\">\n    <div class=\"column flex flex-col h-full min-w-0 break-words justify-start\">\n                    \n\n<h2 class=\"block max-w-container-heading! leading-line-height-heading tracking-heading font-heading text-left   pb-xs md:pt-m md:pb-xs text-heading-xs! md:text-heading-base! wp-elements-eb7ed2710f258d8fff87efd21ae1d638 wp-block-ensoul-heading has-text-color has-primary-500-color\" id=\"heading-a1572d\">\n                Verkostung und Brunch        <\/h2>\n\n\n<p class=\"leading-line-height-paragraph tracking-paragraph font-paragraph max-w-container-paragraph text-left w-auto md:mr-7xl text-paragraph-sm! md:text-paragraph-lg! wp-elements-9a4d0e176fb4d60ca45508208ea24f9f has-text-color has-primary-500-color\" id=\"paragraph-a15bdc\">4 Weine der klassischen Linie, 1 Reservwein, Verkostung typischer regionaler Produkte, ein erster Gang, ein Dessert, Wasser und Kaffee.<\/p>\n\n\n<p class=\"leading-line-height-paragraph tracking-paragraph font-paragraph max-w-container-paragraph text-left w-auto md:mt-l text-paragraph-sm! md:text-paragraph-lg! wp-elements-aa68fc4ac5c3235fd09de09a1a38e418 has-text-color has-primary-500-color\" id=\"paragraph-a16101\">(mindestens 6 Personen)<\/p>\n\n\n<p class=\"leading-line-height-paragraph tracking-paragraph font-paragraph max-w-container-paragraph text-left md:mt-s text-paragraph-base! md:text-paragraph-lg! wp-elements-0fae139ae557a360b804b80e28c358b7 has-text-color has-primary-500-color\" id=\"paragraph-a1660b\">2h<\/p>\n\n\n<section class=\"ensoul-divider w-full original md:hidden text-paragraph-base! wp-elements-dbb6f08032a918d965d50863bc86ebc8 wp-block-ensoul-divider has-text-color has-primary-500-color\" id=\"divider-a168a4\">\n\t\t\t<hr class=\"my-0 h-[1px] border-none bg-current m-0\" \/>\n\t<\/section>\n            <\/div>\n<\/div>\n\n\n<div class=\"ensoul-column-wrapper text-paragraph-base! terza-colonna wp-block-ensoul-column\" id=\"column-a173f4\">\n    <div class=\"column flex flex-col h-full min-w-0 break-words justify-end\">\n                    \n\n<p class=\"leading-line-height-paragraph tracking-paragraph font-paragraph max-w-container-paragraph text-left !ml-auto pr-s md:pt-s md:pr-s text-paragraph-base! md:text-paragraph-lg! wp-elements-b2ed00ccc510bdd1995631b91111a21f has-text-color has-primary-500-color\" id=\"paragraph-a16f42\"><strong>45.00 \u20ac<\/strong><\/p>\n\n\n<div class=\"button-container flex py-s px-s md:pb-s md:ml-l text-paragraph-base! wp-block-ensoul-button\" id=\"button-a1725f\">\n        <button\n        type=\"button\"\n            class=\"cursor-pointer group flex ml-auto  gap-button items-center font-button text-button! hover:text-button-hover! text-button-font-size rounded-button bg-button-background hover:bg-button-background-hover p-padding-button border-button-width border-button-color [text-decoration:var(--decoration-button)]! hover:[text-decoration:var(--decoration-button-hover)]! transition-color duration-300 ease-in-out ens-btn ens-btn-primary w-fit\"\n        data-wpml-string=\"button-label\"\n        data-wpml-string-link=\"true\"\n    >\n                    Buchen                \n                <\/button>\n    <\/div>\n            <\/div>\n<\/div>\n        <\/div>\n    <\/div>\n<h2 class=\"block max-w-container-heading! leading-line-height-heading tracking-heading font-heading text-center  !mx-auto md:py-xl mt-8xl mb-s md:mt-8xl md:mb-0 text-heading-sm! md:text-heading-lg! wp-block-ensoul-heading has-text-color has-primary-500-color\" id=\"heading-a176d2\">\n                Was Sie von der Besichtigung erwarten k\u00f6nnen        <\/h2>\n<section class=\"ensoul-divider w-full original mt-s mb-4xl md:mt-0 md:mb-0 text-paragraph-base! divider wp-block-ensoul-divider\" id=\"divider-a17821\">\n\t\t\t<hr class=\"my-0 h-[1px] border-none bg-current m-0\" \/>\n\t<\/section>\n<div class=\"ensoul-columns-section w-full relative w-auto wp-block-ensoul-columns\" id=\"columns-a18dd4\">\n            <div class=\"ensoul-columns-block grid gap-columns md:grid-cols-2 mt-4xl md:mt-8xl md:mb-8xl text-paragraph-base!\">\n            \n\n<div class=\"ensoul-column-wrapper text-paragraph-base! wp-block-ensoul-column\" id=\"column-a17d0d\">\n    <div class=\"column flex flex-col h-full min-w-0 break-words justify-center\">\n                    \n\n    <div class=\"image-section flex flex-col w-full  md:mr-4xl text-paragraph-base! degustazione-page-img parallax-zoom wp-block-ensoul-image\" id=\"image-a17b30\">\n\n    <!-- Desktop Image -->\n    <figure class=\"relative !mx-auto w-auto max-md:hidden m-0 p-0\">\n                                <img decoding=\"async\" \n                width=\"2560\"\n                height=\"2560\"\n                src=\"https:\/\/perusini-new.ensoul.works\/wp-content\/uploads\/2025\/07\/65cf77ade3e67ac624c1dd6f0dd94794c3b3411d-scaled.jpg\" \n                alt=\"Image\" \n                data-title=\"Besichtigungen und Verkostungen\"\n                                loading=\"lazy\"\n                class=\"w-full object-cover aspect-[4\/3]\"\n                style=\"object-position: 50% 50%;\"\n            \/>\n        \n            <\/figure>\n\n<!-- Mobile Image -->\n<figure class=\"relative !mx-auto w-auto md:hidden m-0 p-0\">\n            <img decoding=\"async\"\n        class=\"object-cover aspect-[4\/3] w-full\"\n        src=\"https:\/\/perusini-new.ensoul.works\/wp-content\/uploads\/2025\/07\/65cf77ade3e67ac624c1dd6f0dd94794c3b3411d-scaled.jpg\"\n        width=\"2560\"\n        height=\"2560\"\n        alt=\"Image\"\n        data-title=\"Besichtigungen und Verkostungen\"\n        style=\"object-position: 50% 50%;\"\n                loading=\"lazy\"\n    >\n    \n        <\/figure>\n\n    <\/div>\n\n            <\/div>\n<\/div>\n\n\n<div class=\"ensoul-column-wrapper text-paragraph-base! wp-block-ensoul-column\" id=\"column-a18c18\">\n    <div class=\"column flex flex-col h-full min-w-0 break-words justify-center\">\n                    \n\n<p class=\"leading-line-height-paragraph tracking-paragraph font-paragraph max-w-container-paragraph text-left !mr-auto mt-s md:mt-0 md:mb-l text-paragraph-xl! md:text-paragraph-3xl! wp-elements-0d1aa67f02585d1f07aa501dc7636b0f has-text-color has-primary-500-color\" id=\"paragraph-a18298\">1) BESICHTIGUNG DES WEINKELLERS<\/p>\n\n\n<p class=\"leading-line-height-paragraph tracking-paragraph font-paragraph max-w-container-paragraph text-left !mr-auto md:my-s text-paragraph-base! md:text-paragraph-xl! wp-elements-66823f61f68b8734f05f72697ca9ecbf has-text-color has-primary-500-color\" id=\"paragraph-a18968\">Sobald Sie auf dem Parkplatz angekommen sind, begeben wir uns zun\u00e4chst in den Weinkeller, um die Besichtigung zu beginnen; hier sehen Sie, wo die Trauben ankommen, es werden Ihnen die verschiedenen Verarbeitungsschritte erkl\u00e4rt und wie unsere Weine entstehen. <br \/>\nDie Besichtigung wird in zwei Bereiche des Weinkellers unterteilt: den Bereich mit den Edelstahltanks und den Bereich mit unseren Barriques. <br \/>\nAbgeschlossen wird die Kellerbesichtigung mit einem Rundgang durch die Barrique-Lager unter unserer Turm-Kellerei, wo sich das Foucault-Pendel befindet!<\/p>\n            <\/div>\n<\/div>\n        <\/div>\n    <\/div>\n<div class=\"ensoul-columns-section w-full relative w-auto wp-block-ensoul-columns\" id=\"columns-a1a655\">\n            <div class=\"ensoul-columns-block grid gap-columns md:grid-cols-2 mt-2xl mb-6xl md:my-7xl text-paragraph-base!\">\n            \n\n<div class=\"ensoul-column-wrapper text-paragraph-base! wp-block-ensoul-column\" id=\"column-a19e1c\">\n    <div class=\"column flex flex-col h-full min-w-0 break-words justify-center\">\n                    \n\n<p class=\"leading-line-height-paragraph tracking-paragraph font-paragraph max-w-container-paragraph text-left !mr-auto md:mb-l text-paragraph-xl! md:text-paragraph-3xl! wp-elements-545bdca9b096e5d15e429e41151e9531 has-text-color has-primary-500-color\" id=\"paragraph-a1948d\">2) BRUNCH O VERKOSTUNG<\/p>\n\n\n<p class=\"leading-line-height-paragraph tracking-paragraph font-paragraph max-w-container-paragraph text-left !mr-auto md:my-s text-paragraph-base! md:text-paragraph-xl! wp-elements-c2829749d306ef3ef71fbf27870f5bda has-text-color has-primary-500-color\" id=\"paragraph-a19b5b\">Je nach gew\u00e4hltem Erlebnis gibt es entweder den Brunch, die klassische Verkostung oder die erweiterte Verkostung.<br \/>\nSie k\u00f6nnen unsere Weine verkosten, begleitet von den Erl\u00e4uterungen eines Verantwortlichen des Weinguts und von regionalen Spezialit\u00e4ten.<br>Die typischen Produkte der Region passen besonders gut zu unseren Weinen, darunter der Osvaldo-Schinken aus Corm\u00f2ns und Alpk\u00e4se. Alles wird begleitet von hausgemachtem Brot und Bibanesi. <\/p>\n            <\/div>\n<\/div>\n\n\n<div class=\"ensoul-column-wrapper text-paragraph-base! wp-block-ensoul-column\" id=\"column-a1a4b8\">\n    <div class=\"column flex flex-col h-full min-w-0 break-words justify-center\">\n                    \n\n    <div class=\"image-section flex flex-col w-full  md:mr-4xl text-paragraph-base! degustazione-page-img parallax-zoom wp-block-ensoul-image\" id=\"image-a1a25c\">\n\n    <!-- Desktop Image -->\n    <figure class=\"relative !mx-auto w-auto max-md:hidden m-0 p-0\">\n                                <img decoding=\"async\" \n                width=\"2048\"\n                height=\"2560\"\n                src=\"https:\/\/perusini-new.ensoul.works\/wp-content\/uploads\/2025\/07\/16f7225832114bed77d3804983215d31882b77d7-1-scaled.jpg\" \n                alt=\"Image\" \n                data-title=\"Besichtigungen und Verkostungen\"\n                                loading=\"lazy\"\n                class=\"w-full object-cover aspect-[4\/3]\"\n                style=\"object-position: 50% 50%;\"\n            \/>\n        \n            <\/figure>\n\n<!-- Mobile Image -->\n<figure class=\"relative !mx-auto w-auto md:hidden m-0 p-0\">\n            <img decoding=\"async\"\n        class=\"object-cover aspect-[4\/3] w-full\"\n        src=\"https:\/\/perusini-new.ensoul.works\/wp-content\/uploads\/2025\/07\/16f7225832114bed77d3804983215d31882b77d7-scaled.jpg\"\n        width=\"2048\"\n        height=\"2560\"\n        alt=\"Image\"\n        data-title=\"Besichtigungen und Verkostungen\"\n        style=\"object-position: 50% 50%;\"\n                loading=\"lazy\"\n    >\n    \n        <\/figure>\n\n    <\/div>\n\n            <\/div>\n<\/div>\n        <\/div>\n    <\/div>","protected":false},"excerpt":{"rendered":"","protected":false},"author":5,"featured_media":0,"parent":0,"menu_order":0,"comment_status":"closed","ping_status":"closed","template":"","meta":{"_acf_changed":false,"tipologia":"","footnotes":""},"class_list":["post-18187","page","type-page","status-publish","hentry"],"acf":[],"mb":[],"mfb_rest_fields":["title"],"_links":{"self":[{"href":"https:\/\/perusini-new.ensoul.works\/de\/wp-json\/wp\/v2\/pages\/18187","targetHints":{"allow":["GET"]}}],"collection":[{"href":"https:\/\/perusini-new.ensoul.works\/de\/wp-json\/wp\/v2\/pages"}],"about":[{"href":"https:\/\/perusini-new.ensoul.works\/de\/wp-json\/wp\/v2\/types\/page"}],"author":[{"embeddable":true,"href":"https:\/\/perusini-new.ensoul.works\/de\/wp-json\/wp\/v2\/users\/5"}],"replies":[{"embeddable":true,"href":"https:\/\/perusini-new.ensoul.works\/de\/wp-json\/wp\/v2\/comments?post=18187"}],"version-history":[{"count":1,"href":"https:\/\/perusini-new.ensoul.works\/de\/wp-json\/wp\/v2\/pages\/18187\/revisions"}],"predecessor-version":[{"id":18188,"href":"https:\/\/perusini-new.ensoul.works\/de\/wp-json\/wp\/v2\/pages\/18187\/revisions\/18188"}],"wp:attachment":[{"href":"https:\/\/perusini-new.ensoul.works\/de\/wp-json\/wp\/v2\/media?parent=18187"}],"curies":[{"name":"wp","href":"https:\/\/api.w.org\/{rel}","templated":true}]}}