{"id":18189,"date":"2025-07-25T14:06:37","date_gmt":"2025-07-25T14:06:37","guid":{"rendered":"https:\/\/perusini-new.ensoul.works\/xeno\/"},"modified":"2025-10-21T09:21:16","modified_gmt":"2025-10-21T09:21:16","slug":"xeno","status":"publish","type":"page","link":"https:\/\/perusini-new.ensoul.works\/de\/xeno\/","title":{"rendered":"Xeno"},"content":{"rendered":"\n<h1 class=\"block max-w-container-heading! leading-line-height-heading tracking-heading font-heading text-center  !mx-auto text-h1! md:text-heading-lg! wp-elements-d74ead7a6b19c0ccff5c1e6e2123a17c wp-block-ensoul-heading has-text-color has-primary-500-color\" id=\"heading-46726e\">\n                Xeno        <\/h1>\n<p class=\"leading-line-height-paragraph tracking-paragraph font-paragraph max-w-container-paragraph text-center !mx-auto my-l md:my-4xl text-paragraph-lg! md:text-paragraph-3xl! p-sost wp-elements-e643f2d2a9823d220fc1195442d80bf7 has-text-color has-primary-500-color\" id=\"paragraph-4677f0\">XENO ist ein Projekt, das von E-20, einer Kulturf\u00f6rdergruppe aus Corm\u00f2ns, initiiert wurde, gef\u00f6rdert in Zusammenarbeit mit Territoria Nord Est und Trieste Contemporanea sowie mit Beteiligung weiterer kultureller Einrichtungen und Institutionen der Region. Es hat zum Ziel, die landwirtschaftlich nicht mehr nutzbaren Fl\u00e4chen der Colli Orientali del Friuli Venezia Giulia zu erhalten und zu entwickeln, indem eine Nutzung aufgezeigt wird, die zur kulturellen und touristischen Aufwertung des gesamten Gebiets beitr\u00e4gt.<\/p>\n    <div class=\"image-section flex flex-col w-full  md:my-4xl text-paragraph-base! degustazione-page-img wp-block-ensoul-image\" id=\"image-467b4e\">\n\n    <!-- Desktop Image -->\n    <figure class=\"relative !mx-auto original max-md:hidden m-0 p-0\">\n                                <img decoding=\"async\" \n                width=\"760\"\n                height=\"400\"\n                src=\"https:\/\/perusini-new.ensoul.works\/wp-content\/uploads\/2025\/07\/xeno2-3.jpg\" \n                alt=\"Image\" \n                data-title=\"Xeno\"\n                                loading=\"lazy\"\n                class=\"w-full object-cover \"\n                style=\"object-position: 50% 50%;\"\n            \/>\n        \n            <\/figure>\n\n<!-- Mobile Image -->\n<figure class=\"relative !mx-auto original md:hidden m-0 p-0\">\n            <img decoding=\"async\"\n        class=\"object-cover  w-full\"\n        src=\"https:\/\/perusini-new.ensoul.works\/wp-content\/uploads\/2025\/07\/xeno2-3.jpg\"\n        width=\"760\"\n        height=\"400\"\n        alt=\"Image\"\n        data-title=\"Xeno\"\n        style=\"object-position: 50% 50%;\"\n                loading=\"lazy\"\n    >\n    \n        <\/figure>\n\n    <\/div>\n\n<p class=\"leading-line-height-paragraph tracking-paragraph font-paragraph max-w-container-paragraph text-center !mx-auto my-2xl md:my-4xl text-paragraph-lg! md:text-paragraph-xl! wp-elements-e9c71b156614ca2e0aa568854cd313b0 has-text-color has-primary-500-color\" id=\"paragraph-468215\">XENO ist ein dauerhaftes Projekt und f\u00fcgt sich so in die Logik m\u00f6glicher Synergien zwischen Landwirtschaft, Naturtourismus und Kunst ein.<br \/>\nDer Titel Xeno (aus dem Griechischen Xen\u00f2s: Fremder, aber auch Gast) soll die besondere Eigenschaft des Ortes und den Wert der Multikulturalit\u00e4t hervorheben.<\/p>\n    <div class=\"image-section flex flex-col w-full  md:my-4xl text-paragraph-base! degustazione-page-img wp-block-ensoul-image\" id=\"image-46852a\">\n\n    <!-- Desktop Image -->\n    <figure class=\"relative !mx-auto original max-md:hidden m-0 p-0\">\n                                <img decoding=\"async\" \n                width=\"760\"\n                height=\"400\"\n                src=\"https:\/\/perusini-new.ensoul.works\/wp-content\/uploads\/2025\/07\/xeno1-3.jpg\" \n                alt=\"Image\" \n                data-title=\"Xeno\"\n                                loading=\"lazy\"\n                class=\"w-full object-cover \"\n                style=\"object-position: 50% 50%;\"\n            \/>\n        \n            <\/figure>\n\n<!-- Mobile Image -->\n<figure class=\"relative !mx-auto original md:hidden m-0 p-0\">\n            <img decoding=\"async\"\n        class=\"object-cover  w-full\"\n        src=\"https:\/\/perusini-new.ensoul.works\/wp-content\/uploads\/2025\/07\/xeno1-3.jpg\"\n        width=\"760\"\n        height=\"400\"\n        alt=\"Image\"\n        data-title=\"Xeno\"\n        style=\"object-position: 50% 50%;\"\n                loading=\"lazy\"\n    >\n    \n        <\/figure>\n\n    <\/div>\n\n<div class=\"ensoul-columns-section w-full relative default wp-elements-898c9c84ab6f2cd2a5f0f121398b580c wp-block-ensoul-columns has-text-color has-primary-500-color\" id=\"columns-4696d0\">\n            <div class=\"ensoul-columns-block grid gap-columns md:grid-cols-2 mt-2xl mb-4xl md:mt-4xl md:mb-7xl text-paragraph-base!\">\n            \n\n<div class=\"ensoul-column-wrapper text-paragraph-base! wp-block-ensoul-column\" id=\"column-468bfd\">\n    <div class=\"column flex flex-col h-full min-w-0 break-words justify-start\">\n                    \n\n<p class=\"leading-line-height-paragraph tracking-paragraph font-paragraph max-w-container-paragraph text-left text-paragraph-base! md:text-paragraph-lg!\" id=\"paragraph-468a30\">Bei der Betrachtung der Eigenschaften dieses Projekts hat E-20 das Weingut Perusini in Gramogliano (Corno di Rosazzo) als ideales Gel\u00e4nde f\u00fcr die Umsetzung des Pilotprojekts identifiziert, ein Betriebsmodell f\u00fcr das Gebiet der Colli Orientali.<br \/>\nEs sieht die Platzierung von Skulpturen und ortsspezifischen Installationen an den H\u00e4ngen des Monte San Biagio sowie die Umsetzung einer Reihe von Ma\u00dfnahmen vor, die die Zug\u00e4nglichkeit und Nutzbarkeit f\u00f6rdern (Wege, B\u00e4nke, Beschilderung, Instandhaltung der Standorte usw.).<\/p>\n            <\/div>\n<\/div>\n\n\n<div class=\"ensoul-column-wrapper text-paragraph-base! wp-block-ensoul-column\" id=\"column-469522\">\n    <div class=\"column flex flex-col h-full min-w-0 break-words justify-start\">\n                    \n\n<p class=\"leading-line-height-paragraph tracking-paragraph font-paragraph max-w-container-paragraph text-left mb-s md:mb-s text-paragraph-base! md:text-paragraph-lg!\" id=\"paragraph-468fec\">Das erste Werk ist eine Skulptur von Alessandra Bonoli (Eisenskulptur, Ma\u00dfe: H. 5,96 m x 0,80 x 0,80), die auf einem eigens wiederhergestellten H\u00fcgel innerhalb des Weinguts Perusini in Gramogliano, Corno di Rosazzo, aufgestellt wurde.<\/p>\n\n\n<p class=\"leading-line-height-paragraph tracking-paragraph font-paragraph max-w-container-paragraph text-left text-paragraph-base! md:text-paragraph-lg!\" id=\"paragraph-4693a0\">\u201eMenhir\u201c, so der Titel der Skulptur von Alessandra Bonoli, ist aus Eisen gefertigt und frei inspiriert von den gro\u00dfen, l\u00e4nglichen Steinen, die vertikal in den Boden gesetzt werden und typisch f\u00fcr einige pr\u00e4historische Kulturen sind. Das Werk, von starker religi\u00f6ser und kultureller Bedeutung, besitzt eine vertikale Spannung und ein Gef\u00fchl der Ausdehnung, das mit einem echten \u201eEnergieanzeiger\u201c oder \u201eOrt der Verbindung\u201c zwischen Himmel und Erde, zwischen dem, was \u00fcber unserem Kopf liegt, und dem, was unter unseren F\u00fc\u00dfen liegt, assoziiert werden kann, wobei der Wille sp\u00fcrbar ist, einen einzigartigen und magischen Ort zu schaffen, der Lebensenergie schenkt. <\/p>\n            <\/div>\n<\/div>\n        <\/div>\n    <\/div>","protected":false},"excerpt":{"rendered":"","protected":false},"author":5,"featured_media":0,"parent":0,"menu_order":0,"comment_status":"closed","ping_status":"closed","template":"","meta":{"_acf_changed":false,"tipologia":"","footnotes":""},"class_list":["post-18189","page","type-page","status-publish","hentry"],"acf":[],"mb":[],"mfb_rest_fields":["title"],"_links":{"self":[{"href":"https:\/\/perusini-new.ensoul.works\/de\/wp-json\/wp\/v2\/pages\/18189","targetHints":{"allow":["GET"]}}],"collection":[{"href":"https:\/\/perusini-new.ensoul.works\/de\/wp-json\/wp\/v2\/pages"}],"about":[{"href":"https:\/\/perusini-new.ensoul.works\/de\/wp-json\/wp\/v2\/types\/page"}],"author":[{"embeddable":true,"href":"https:\/\/perusini-new.ensoul.works\/de\/wp-json\/wp\/v2\/users\/5"}],"replies":[{"embeddable":true,"href":"https:\/\/perusini-new.ensoul.works\/de\/wp-json\/wp\/v2\/comments?post=18189"}],"version-history":[{"count":1,"href":"https:\/\/perusini-new.ensoul.works\/de\/wp-json\/wp\/v2\/pages\/18189\/revisions"}],"predecessor-version":[{"id":18190,"href":"https:\/\/perusini-new.ensoul.works\/de\/wp-json\/wp\/v2\/pages\/18189\/revisions\/18190"}],"wp:attachment":[{"href":"https:\/\/perusini-new.ensoul.works\/de\/wp-json\/wp\/v2\/media?parent=18189"}],"curies":[{"name":"wp","href":"https:\/\/api.w.org\/{rel}","templated":true}]}}